{"id":81,"date":"2013-07-11T14:01:40","date_gmt":"2013-07-11T13:01:40","guid":{"rendered":"http:\/\/gpademo.it\/ticino\/?page_id=81"},"modified":"2017-11-09T09:30:36","modified_gmt":"2017-11-09T08:30:36","slug":"cura-il-bambino-con-le-fiabe","status":"publish","type":"page","link":"https:\/\/azzurroticino.it\/?page_id=81","title":{"rendered":"FIABE : SCEGLI LA FIABA PER CURARE IL TUO BAMBINO"},"content":{"rendered":"<p><strong><span style=\"font-family: Arial; color: #ff0000;\">SE HAI TUTTE LE INFORMAZIONI PER COMPILARE CORRETTAMENTE IL QUESTIONARIO PER SCEGLIERE LA FIABA GIUSTA TRA LE 200 DI &#8220;FIABE ITALIANE&#8221; DI ITALO CALVINO, PER PREVENIRE O PER CURARE LE NEVROSI DELLA TUA BAMBINA O DEL TUO BAMBINO, KLIKKA QUI SOTTO <\/span><\/strong><\/p>\n<address>\u00a0<a href=\"http:\/\/azzurroticino.it\/wp-content\/uploads\/2013\/07\/pers031.gif\"><img decoding=\"async\" class=\"alignnone size-full wp-image-118\" src=\"http:\/\/azzurroticino.it\/wp-content\/uploads\/2013\/07\/pers031.gif\" alt=\"pers031\" width=\"87\" height=\"128\" \/><\/a> <a href=\"http:\/\/www.azzurroticino.net\/fiabe.asp\">http:\/\/www.azzurroticino.net\/fiabe.asp<\/a><\/address>\n<address>\u00a0<\/address>\n<address>\u00a0<\/address>\n<address><span style=\"font-family: Arial; font-size: large;\">SE INVECE HAI BISOGNO DI CAPIRE . . . LEGGI QUI SOTTO : <\/span><\/address>\n<address>\u00a0<\/address>\n<address>\u00a0<a href=\"http:\/\/azzurroticino.it\/wp-content\/uploads\/2013\/07\/scu17.gif\"><img decoding=\"async\" class=\"alignnone size-full wp-image-121\" src=\"http:\/\/azzurroticino.it\/wp-content\/uploads\/2013\/07\/scu17.gif\" alt=\"scu17\" width=\"86\" height=\"81\" \/><\/a><\/address>\n<address><span style=\"font-family: Arial; font-size: large;\"><span style=\"font-family: Arial; font-size: large;\">\u00a0<\/span><\/span><\/p>\n<address><b>Bruno Bettelheim ne\u2019 \u201cil mondo incantato\u201d l\u2019aveva previsto : soppiantare\u00a0la FIABA RACCONTATA\u00a0 a beneficio della FAVOLA AUDIO\/VIDEO, avrebbe prodotto guasti nel cervello di tanti bambini\u2026 E puntualmente la profezia si \u00e8 avverata.<\/b><\/address>\n<address>Aver trascurato il principale presidio naturale di salvaguardia dell\u2019igiene mentale dei nostri piccoli ha comportato, da un lato il dilagare del disagio psichico e dall\u2019altro lato l\u2019incremento della domanda e del consumo di surrogati chimici\u00a0 (psicofarmaci) che hanno una loro efficacia, ma ahim\u00e8 non sono privi di effetti collaterali.<\/address>\n<address>E non possiamo certo sostenere che sono i cambiamenti sociologici a indurre una recrudescenza del malessere \u2026 Fuori dalle metafora dei catastrofisti\u00a0 possiamo con evidenti ragioni sostenere che se il mondo sta cambiando, non sta certo cambiando in peggio :<\/address>\n<address>&#8211; pensiamo che per i primi cinquanta anni del secolo che si \u00e8 appena concluso, i bambini hanno convissuto con la realt\u00e0 della guerra mondiale permanente \u2026<\/address>\n<address>&#8211; pensiamo che per i secondi cinquant\u2019anni, i bambini hanno vissuto con l\u2019incubo del comunismo e della guerra fredda, della possibile involuzione verso il medioevo della civilt\u00e0\u2026<\/address>\n<address>&#8211; per non parlare della qualit\u00e0 dell\u2019acqua e dell\u2019aria negli anni \u201960, \u201970 e \u201980 \u2026<\/address>\n<address>&#8211; lo spettro della mortalit\u00e0 perinatale e neonatale si \u00e8 progressivamente assottigliato \u2026<\/address>\n<address>&#8211; le tutele sociali consentono a mamme e pap\u00e0 di passare sempre pi\u00f9 tempo con i loro bambini.<\/address>\n<address>&#8211; la qualit\u00e0 degli oggetti marchiati e esenti da tossici possono con fiducia garantire sempre pi\u00f9 la salute nella manipolazione \u2026<\/address>\n<address>&#8211; pensiamo poi alle garanzie di controllo alimentare \u2026<\/address>\n<address>&#8211; al venir meno dell\u2019uso di diserbanti tossici \u2026<\/address>\n<address>\u00a0<\/address>\n<address>\u2026 NONOSTANTE TUTTI QUESTI MIGLIORAMENTI DI CONTESTO \u2026<\/address>\n<\/address>\n<ol>\n<li>\n<address><b>Dal 2000 a oggi, il consumo di psicofarmaci da parte di bambini e adolescenti \u00e8 pi\u00f9 che triplicato\u2026<\/b><\/address>\n<\/li>\n<li>\n<address><b>La percentuale di minori italiani che soffrono di disagi e turbe mentali secondo i risultati del progetto di screening PRISMA 2004 \u00e8 DEL 9% (730.000\u00a0 unit\u00e0)<\/b><\/address>\n<\/li>\n<li>\n<address><b>Nel quadro della stessa ricerca (Ministero della salute) I MINORI ITALIANI CHE SOFFRIREBBERO DI ADHD (sindrome da iperattivit\u00e0 e deficit di attenzione) \u00e8 del 2% (170.000 unit\u00e0)<\/b><\/address>\n<\/li>\n<li>\n<address><b>30.000 bambini italiani ogni giorno assumono farmaci antidepressivi che l\u2019 EMEA ha interdetto (fonte : Istituto farmacologico Mario Negri \u2013 Milano)<\/b><\/address>\n<\/li>\n<\/ol>\n<address>\n<address>\u00a0IL TRATTAMENTO FARMACOLOGICO AFFRONTA ALCUNE QUESTIONI, MA INEVITABILMENTE NE APRE TANTE ALTRE \u2026<\/address>\n<address>Gran parte dei ragazzi in terapia psichiatrica purtroppo riceve cure \u201coff label\u201d, con sostanze non appositamente testate sulla loro et\u00e0 (da qui probabilmente discende l\u2019incremento dei disturbi cardiovascolari e della tendenza al suicidio).<\/address>\n<address><b>Per questo motivo in Europa,\u00a0negli scorsi anni sono state bandite\u00a022 \u00a0molecole antidepressive in uso in et\u00e0 pediatrica in quanto ispiravano idee suicide nei bambini (European Agency for the Evaluation of Medical Products &#8211; EMEA). Nonostante\u00a0la direttiva EMEA, come abbiamo riferito, ancora decine di migliaia di bambini sono sottoposti a trattamenti farmacologici con molecole bandite\u2026<\/b><\/address>\n<address>Anche i tre\u00a0 principi attivi entrati recentemente in commercio nel nostro Paese con delle precauzioni prescrittive pi\u00f9 stringenti non sono esenti da controindicazioni, fra tutti spicca l\u2019avviso della Food and Drug Administration (FDA) del febbraio 2005 che il rischio di suicidio ei bambini e adolescenti trattati con farmaci antidepressivi era maggiore (4% rispetto a 2%) rispetto a quelli trattati con placebo :<\/address>\n<\/address>\n<ol>\n<li>\n<address><b>Metilfenidato (Ritalin)\u00a0 : prescritto solo dal neuropsichiatria, uso segnalato su registro nazionale, obbligo di verifiche periodiche, almeno una sospensione del trattamento ogni anno<\/b><\/address>\n<\/li>\n<li>\n<address><b>Automoxetina (Strattera) : la scheda tecnica riporta nell\u2019 avvertenza la comprovata insorgenza di pensieri suicidali nello 0,4% dei bambini trattati, e effetti cardiovascolari indesiderati.<\/b><\/address>\n<\/li>\n<li>\n<address><b>Fluoxetina (Prozac) : prescritto solo da neuropsichiatra infantile o psichiatra, solo in associazione con psicoterapia<\/b><\/address>\n<\/li>\n<\/ol>\n<address>\n<address>Sono state depositate in parlamento proposte di Legge per regolamentare in maniera stringente la materia\u2026 Tuttavia nessuna Legge potr\u00e0 migliorare di per se\u2019 il dato della sofferenza mentale dei nostri bambini e adolescenti e nei prossimi anni sentiremo molto parlare di questa sigla ADHD\u2026<\/address>\n<address>\u00a0<\/address>\n<address>Ma se fosse vero quanto sostenuto da Betteheim, che una delle radici di tale sofferenza fosse da ricercare nell\u2019abbandono della fiaba raccontata come presidio di igiene mentale ?<\/address>\n<address>E\u2019 di tutta evidenza che non \u00e8 possibile ordinare per Legge ai genitori di tornare al racconto della fiaba \u2026<\/address>\n<address><strong>E\u2019 tuttavia possibile che le mamme e i pap\u00e0, riflettendo sui rischi a cui espongono i propri figli deprivandoli delle fiabe, si accostino all\u2019unica raccolta certificata di fiabe italiane contenuta nei 3 volumi OSCAR MONDADORI\u00a0 di\u00a0 FIABE ITALIANE di ITALO CALVINO.<\/strong><\/address>\n<address>Soprattutto se la fiaba viene scelta rispondendo al questionario contenuto del programma COMPUTERIZZATO \u201cVIVA LE FIABE\u201d che puoi compilare direttamente in questo mio sito<\/p>\n<address>\u00a0<\/address>\n<address>\u00a0<\/address>\n<\/address>\n<\/address>\n<address>\u00a0<\/address>\n<address><img decoding=\"async\" src=\"http:\/\/www.azzurroticino.it\/pers063.gif\" alt=\"\" width=\"104\" height=\"92\" border=\"0\" \/><span style=\"font-family: Arial; font-size: large;\">\u00a0HO PRESENTATO QUESTO MIO LAVORO AL CORSO ECM &#8220;LA FIABA CHE CURA&#8221; &#8211; SCUOLA DI FORMAZIONE IN PSICOTERAPIA DI CREMONA GIUGNO 2008 . . . <\/span><\/address>\n<address>\u00a0<\/address>\n<address><img loading=\"lazy\" decoding=\"async\" src=\"http:\/\/www.azzurroticino.it\/LA%20FIABA%20CHE%20CURA.jpg\" alt=\"\" width=\"600\" height=\"826\" border=\"0\" \/><\/address>\n<address>\u00a0<\/address>\n<address><b>\u00a0 <\/b><\/address>\n<address><img loading=\"lazy\" decoding=\"async\" src=\"http:\/\/www.azzurroticino.it\/by49.gif\" alt=\"\" width=\"98\" height=\"108\" border=\"0\" \/>\u00a0\u00a0\u00a0 Di seguito ho riportato le caratteristiche curative delle fiabe \u2026 CURANO, E NON HANNO CONTROINDICAZIONI<\/address>\n<address>\u00a0<\/address>\n<address>&#8230; Caro visitatore di questo sito.<\/address>\n<address>Stai per entrare in contatto con un prodotto clinico miracoloso e nello stesso tempo semplice e accessibile. Era fino a 50 anni fa lo strumento pi\u00f9 utilizzato per la prevenzione e la tutela dell&#8217;igiene mentale dei popoli.<\/address>\n<address>E&#8217; progressivamente caduto in disuso, inopinatamente soppiantato da beni di consumo, televisione e audiovisivi, farmaci &#8230;<\/address>\n<address>La coscienza collettiva di quale tragico errore fosse &#8220;mettere in soffitta&#8221; le fiabe ogni tanto fa capolino : per cui nei programmi didattici, nei programmi televisivi, nei programmi formativi, ogni tanto la fiaba ritorna a far capolino.<\/address>\n<address>Ci torna per\u00f2 in modo generico, confuso &#8230; Ma un rientro in scena siffatto non ne garantisce la permanenza. Con questo programma ho la pretesa di contribuire a riportare alla ribalta la fiaba in versione clinica.<\/address>\n<address><b>LA FIABA CHE CURA &#8230;<\/b><\/address>\n<address><b>LA FIABA CHE SE VIENE LETTA AL BAMBINO PUO&#8217; AIUTARLO A GUARIRE DAI SUOI SINTOMI FISICI, MENTALI O COMPORTAMENTALI&#8230; PERCHE&#8217; E&#8217; UNA FORMA DI PSICOTERAPIA BREVE MA ESTREMAMENTE EFFICACE.<\/b><\/address>\n<address>\u00a0<\/address>\n<address>Uniche condizioni :<\/address>\n<ol>\n<li>\n<address>COMPILARE IL QUESTIONARIO,<\/address>\n<\/li>\n<li>\n<address>AL TERMINE IL COMPUTER FORNISCE I TITOLI DI 3 FIABE CON RELATIVO PUNTEGGIO : QUELLA CHE HA PIU&#8217; PUNTEGGIO E&#8217; LA FIABA GIUSTA DA RACCONTARE AL BAMBINO PER GUARIRLO.<\/address>\n<\/li>\n<li>\n<address>COMPRARE I TRE VOLUMETTI IN FORMATO ECONOMICO OSCAR MONDADORI DELLA RACCOLTA &#8220;FIABE ITALIANE&#8221; DI ITALO CALVINO.<\/address>\n<\/li>\n<li>\n<address>LEGGERE LA FIABA CON PUNTEGGIO PIU&#8217; ALTO PER ALMENO 15 GIORNI\u00a0 AL BAMBINO PRIMA DI ANDARE A NANNA E CONTINUARE A LEGGERLA ANCHE SE\u00a0SU ADDORMENTA O SE INIZIALMENTE LA RIFIUTA\u00a0&#8230;<\/address>\n<\/li>\n<li>\n<address>AVVERTANZA : COME TUTTE LE PSICOTERAPIE, POTREMO ASSISTERE NEI PRIMI GIORNI A UNA RECRUDESCENZA SINTOMATICA&#8230; NIENTE PAURA! BASTA CONTINUARE . . .<\/address>\n<\/li>\n<\/ol>\n<address>\u00a0<\/address>\n<address>Qui sotto alcune dia esplicative.<\/address>\n<address>Se vuoi saperne di pi\u00f9, scrivimi al mio indirizzo :\u00a0<a href=\"mailto:garavaglia.a@libero.it\">garavaglia.a@libero.it<\/a><\/address>\n<address>\u00a0<\/address>\n<address><img loading=\"lazy\" decoding=\"async\" src=\"http:\/\/www.azzurroticino.it\/fiabe%201.jpg\" alt=\"\" width=\"500\" height=\"346\" border=\"0\" \/><\/address>\n<address>\u00a0<\/address>\n<address><img loading=\"lazy\" decoding=\"async\" src=\"http:\/\/www.azzurroticino.it\/fiabe%202.jpg\" alt=\"\" width=\"500\" height=\"345\" border=\"0\" \/><\/address>\n<address>\u00a0<\/address>\n<address><img loading=\"lazy\" decoding=\"async\" src=\"http:\/\/www.azzurroticino.it\/fiabe%203.jpg\" alt=\"\" width=\"500\" height=\"346\" border=\"0\" \/><\/address>\n<address>\u00a0<\/address>\n<address><img loading=\"lazy\" decoding=\"async\" src=\"http:\/\/www.azzurroticino.it\/fiabe%204.jpg\" alt=\"\" width=\"500\" height=\"345\" border=\"0\" \/><\/address>\n<address>\u00a0<\/address>\n<address><img loading=\"lazy\" decoding=\"async\" src=\"http:\/\/www.azzurroticino.it\/FIABE%205.jpg\" alt=\"\" width=\"500\" height=\"345\" border=\"0\" \/><\/address>\n<address>\u00a0<\/address>\n<address><img loading=\"lazy\" decoding=\"async\" src=\"http:\/\/www.azzurroticino.it\/FIABE%206.jpg\" alt=\"\" width=\"500\" height=\"346\" border=\"0\" \/><\/address>\n<address>\u00a0<\/address>\n<address><img loading=\"lazy\" decoding=\"async\" src=\"http:\/\/www.azzurroticino.it\/FIABE%207.jpg\" alt=\"\" width=\"500\" height=\"346\" border=\"0\" \/><\/address>\n<address>\u00a0<\/address>\n<address><img loading=\"lazy\" decoding=\"async\" src=\"http:\/\/www.azzurroticino.it\/FIABE%208.jpg\" alt=\"\" width=\"500\" height=\"346\" border=\"0\" \/><\/address>\n<address>\u00a0<\/address>\n<address><img loading=\"lazy\" decoding=\"async\" src=\"http:\/\/www.azzurroticino.it\/FIABE%209.jpg\" alt=\"\" width=\"500\" height=\"349\" border=\"0\" \/><\/address>\n<address>\u00a0<\/address>\n","protected":false},"excerpt":{"rendered":"<p>SE HAI TUTTE LE INFORMAZIONI PER COMPILARE CORRETTAMENTE IL QUESTIONARIO PER SCEGLIERE LA FIABA GIUSTA TRA LE 200 DI &#8220;FIABE ITALIANE&#8221; DI ITALO CALVINO, PER PREVENIRE O PER CURARE LE NEVROSI DELLA TUA BAMBINA O DEL TUO BAMBINO, KLIKKA QUI SOTTO \u00a0 http:\/\/www.azzurroticino.net\/fiabe.asp \u00a0 \u00a0 SE INVECE HAI BISOGNO DI CAPIRE . . . LEGGI [&hellip;]<\/p>\n","protected":false},"author":1,"featured_media":0,"parent":0,"menu_order":0,"comment_status":"open","ping_status":"open","template":"","meta":{"footnotes":""},"class_list":["post-81","page","type-page","status-publish","hentry"],"_links":{"self":[{"href":"https:\/\/azzurroticino.it\/index.php?rest_route=\/wp\/v2\/pages\/81","targetHints":{"allow":["GET"]}}],"collection":[{"href":"https:\/\/azzurroticino.it\/index.php?rest_route=\/wp\/v2\/pages"}],"about":[{"href":"https:\/\/azzurroticino.it\/index.php?rest_route=\/wp\/v2\/types\/page"}],"author":[{"embeddable":true,"href":"https:\/\/azzurroticino.it\/index.php?rest_route=\/wp\/v2\/users\/1"}],"replies":[{"embeddable":true,"href":"https:\/\/azzurroticino.it\/index.php?rest_route=%2Fwp%2Fv2%2Fcomments&post=81"}],"version-history":[{"count":11,"href":"https:\/\/azzurroticino.it\/index.php?rest_route=\/wp\/v2\/pages\/81\/revisions"}],"predecessor-version":[{"id":262,"href":"https:\/\/azzurroticino.it\/index.php?rest_route=\/wp\/v2\/pages\/81\/revisions\/262"}],"wp:attachment":[{"href":"https:\/\/azzurroticino.it\/index.php?rest_route=%2Fwp%2Fv2%2Fmedia&parent=81"}],"curies":[{"name":"wp","href":"https:\/\/api.w.org\/{rel}","templated":true}]}}