{"id":64,"date":"2013-07-11T13:44:52","date_gmt":"2013-07-11T12:44:52","guid":{"rendered":"http:\/\/gpademo.it\/ticino\/?page_id=64"},"modified":"2024-08-14T08:54:15","modified_gmt":"2024-08-14T07:54:15","slug":"la-mia-biografia-come-biker","status":"publish","type":"page","link":"https:\/\/azzurroticino.it\/?page_id=64","title":{"rendered":"LA MIA BIOGRAFIA COME BIKER"},"content":{"rendered":"<address>La mia passione per la bici, come molte cose belle nasce da un dolore\u2026 Forse il pi\u00f9 grande dolore di tutta la mia vita\u2026 <strong>Il 10 novembre del 2002 moriva il mio pap\u00e0 per un cancro ai polmoni<\/strong>\u2026 In quei giorni ho avuto l\u2019insight di come il mio tabagismo fosse fortemente ancorato a processi identificativi con lui.<\/address>\n<address>Sapete com\u2019\u00e8 : un conto \u00e8 leggere qualcosa sui libri, altro conto \u00e8 arrivare a COMPRENDERE\u2026<\/address>\n<address>Nel giro di poco tempo ho smesso di fumare, e dal punto di vista della pratica sportiva \u00e8 iniziata la mia seconda vita\u2026<\/address>\n<address>Non voglio certo autocelebrarmi : mi rendo ben conto dei miei limiti\u2026 In queste pagine voglio solo raccontarti i miei itinerari preferiti e quelle che considero le mie IMPRESE\u2026 Con un occhio particolare agli accorgimenti che dovresti prendere e i pochi consigli che mi viene da darti\u2026<\/address>\n<address>Viaggio con una ROCKRIDER ibrida mezza city e mezza mountain \u2026<\/address>\n<address>\u00a0<\/address>\n<address><b>LE PASSEGGIATE<\/b><\/address>\n<address><b>IL NAVIGLIO IN LUNGO E IN LARGO<\/b><\/address>\n<address>Il mio punto di partenza \u00e8 il parcheggio dello sporting center ONDAVERDE in via Trento\u00a011 a Corbetta : cos\u00ec quando ritorno entro e d\u2019estate mi godo la piscina e nelle altre stagioni mi faccio una bella sauna e bagno turco nel nuovissimo spazio benessere\u2026<\/address>\n<address>Da ONDAVERDE raggiungo per strada il NAVIGLIO nell\u2019abitato di ROBECCO\u2026<\/address>\n<address>Io mi sono fatto tre itinerari :<\/address>\n<address>IL PRIMO CHE COSTEGGIA IL NAVIGLIO LEONARDESCO FINO AL PONTE DI FERRO DI OLEGGIO (\u00a070 KM CIRCA ANDATA E RITORNO)<\/address>\n<address>IL SECONDO CHE ARRIVA AD ABBIATEGRASSO E PROSEGUE POI FINO ALLA DARSENA A MILANO (60 KM CIRCA)<\/address>\n<address>IL TERZO CHE, SEMPRE PASSANDO PER ABBIATEGRASSO ARRIVA A PAVIA (90 KM\u00a0CIRCA)<\/address>\n<address>\u00a0<\/address>\n<address><b>IL CORNIZZOLO DALL\u2019ATTERRAGGIO DI SUELLO<\/b><\/address>\n<address><b>\u00a0<\/b><\/address>\n<address><b>LA TERZ\u2019ALPE DA CANZO, LOCALITA\u2019 GAJUM<\/b><\/address>\n<address><b>\u00a0<\/b><\/address>\n<address><b>ANELLO VANZAGO-VILLORESI-ARCONATE- CASTANO-NOSATE-NAVIGLIO-CUGGIONO-CASOREZZO \u2013 VANZAGO<\/b><\/address>\n<address><b>\u00a0<\/b><\/address>\n<address><b>ANELLO EUPILIO-CORNIZZOLO RIFUGIO MARISA\u00a0CONSIGLIERE-TERZ\u2019ALPE-CANZO-EUPILIO<\/b><\/address>\n<address><b>\u00a0<\/b><\/address>\n<address><b>NEL TRIANGOLO LARIANO IMPERDIBILE L\u2019ANELLO COMO-FUNICOLARE BRUNATE-STRADA ALLE BAITE-BOLLETTO-CAPANNA MARA-RIFUGIO RIELLA AL PALLANZONE-COLMA DI SORMANO-SAN PRIMO-DISCESA VERSO BELLAGIO-RITORNO A COMO SULLA STATALE O CON IL BATTELLO.<\/b><\/address>\n<address><b>\u00a0<\/b><\/address>\n<address><b>DALL\u2019ATTERAGGIO DI SUELLO AL LAGO DEL SEGRINO-CANZO-ASSO E,DA QUI, DI VOLTA IN VOLTA :<\/b><\/address>\n<address><b>1)\u00a0\u00a0\u00a0\u00a0\u00a0\u00a0\u00a0MADONNA DEL GHISALLO<\/b><\/address>\n<address><b>2)\u00a0\u00a0\u00a0\u00a0\u00a0\u00a0\u00a0ANELLO MADONNA DEL GHISALLO-CIVENNA-SAN PRIMO-BELLAGIO-LECCO-SUELLO<\/b><\/address>\n<address><b>3)\u00a0\u00a0\u00a0\u00a0\u00a0\u00a0\u00a0RISTORANTE RIFUGIO LA MADONNINA\u00a0DI BARNI (ritorno da conca di crezzo-lasnigo)<\/b><\/address>\n<address><b>4)\u00a0\u00a0\u00a0\u00a0\u00a0\u00a0\u00a0SORMANO-COLMA DI SORMANO pi\u00f9 noto come muro di sormano<\/b><\/address>\n<address><b>5)\u00a0\u00a0\u00a0\u00a0\u00a0\u00a0\u00a0VALBRONA-ONNO-LECCO-SUELLO<\/b><\/address>\n<address><b>6)\u00a0\u00a0\u00a0\u00a0\u00a0\u00a0\u00a0VALBRONA-SALITA AL RIFUGIO SEV AI CORNI DI CANZO\u00a0<\/b>(solo se siete dei mostri l\u2019ultimo chilometro lo fate in sella\u2026 senn\u00f2 bici in mano)<\/address>\n<address><b>\u00a0<\/b><\/address>\n<address>\n<address><b>TRIDUO SETTEMBRE 2005 A\u00a0CHIAREGGIO<\/b><\/address>\n<address>&#8211;\u00a0\u00a0\u00a0\u00a0\u00a0\u00a0\u00a0\u00a0\u00a0\u00a0<b>DA CHIAREGGIO AL PASSO DEL MURETTO<\/b><\/address>\n<address>&#8211;\u00a0\u00a0\u00a0\u00a0\u00a0\u00a0\u00a0\u00a0\u00a0\u00a0<b>DA CHIAREGGIO A SAN GIUSEPPE \u2013 RIFUGIO SCIERSCIEN<\/b><\/address>\n<address>&#8211;\u00a0\u00a0\u00a0\u00a0\u00a0\u00a0\u00a0\u00a0\u00a0\u00a0<b>DA CHIAREGGIO ALLA CAPANNA PORRO<\/b><\/address>\n<address>\u00a0<\/address>\n<\/address>\n<address><b>TRIDUO DEL PRIMO MAGGIO 2006<\/b><\/address>\n<address>&#8211;\u00a0\u00a0\u00a0\u00a0\u00a0\u00a0\u00a0\u00a0\u00a0\u00a0<b>DAI BAGNI VECCHI DI BORMIO ALLO STELVIO<\/b><\/address>\n<address>&#8211;\u00a0\u00a0\u00a0\u00a0\u00a0\u00a0\u00a0\u00a0\u00a0\u00a0<b>DA SANT\u2019ANTONIO VALFURVA IN VAL ZEBRU\u2019 FINO ALLA CAPANNA DEL PASTORE<\/b><\/address>\n<address>&#8211;\u00a0\u00a0\u00a0\u00a0\u00a0\u00a0\u00a0\u00a0\u00a0\u00a0<b>DA CEPINA AL CANCANO-TOUR DEI LAGHI E RITORNO A CEPINA<\/b><\/address>\n<address><b>\u00a0<\/b><\/address>\n<address><b>TRIDUO AGOSTO 2008 IN\u00a0VALFURVA<\/b><\/address>\n<address>&#8211;\u00a0\u00a0\u00a0\u00a0\u00a0\u00a0\u00a0\u00a0\u00a0\u00a0<b>DA SANTA CATERINA VALFURVA AL PONTE DELLE MUCCHE PER LA VAL DI\u00a0REZZALO-LE\u00a0PRESE-BORMIO-SANTA CATERINA<\/b><\/address>\n<address>&#8211;\u00a0\u00a0\u00a0\u00a0\u00a0\u00a0\u00a0\u00a0\u00a0\u00a0<b>DA SANTA CATERINA AI FORNI-RIFUGIO PIZZINI-SENTIERO ALTO PER L\u2019ABLES-SANTA CATERINA<\/b><\/address>\n<address><b>\u00a0<\/b><\/address>\n<address><b>TRIDUO AGOSTO 2009 IN\u00a0VALDIDENTRO<\/b><\/address>\n<address><b>&#8211; ANELLO DA SEMOGO PRENDO IL SENTIERO DALLA FRAZIONE SAN CARLO PER RAGGIUNGERE LA DECAUVILLE \u2013 TORRI DI FRAELE \u2013 COSTEGGIO IL CANCANO E IL LAGO SAN GIACOMO FINO IN FONDO ALLA VALLE \u2013 PRENDO IL SENTIERO PER\u00a0LA VALLE ALPISELLA\u00a0\u2013 SORGENTI DELL\u2019ADDA- LIVIGNO \u2013 RITORNO ATTRAVERSO IL PASSO SAN GIACOMO \u2013 VALLE DELL\u2019ACQUA &#8211; DECAUVILLE \u2013 SAN CARLO \u2013 SEMOGO.<\/b><\/address>\n<address><b>&#8211; DA SEMOGO AD ARNOGA \u2013 VAL VIOLA \u2013 RIFUGIO CAPANNA DOSDE\u2019<\/b><\/address>\n<address><b>&#8211; ANELLO DA SANT\u2019ANTONIO VALFURVA A SANTA CATERINA \u2013 VALLE DEI FORNI \u2013 RIFUGIO PIZZINI \u2013 PASSO ZEBRU\u2019 \u2013 CAPANNA DEL PASTORE \u2013 VAL ZEBRU\u2019 \u2013 MADONNA DEI MONTI SANT\u2019ANTONIO VALFURVA.\u00a0<\/b>Spingiamo la bici in mano dalla Pizzini al passo zebr\u00f9 e per una mezz\u2019ora oltre il passo\u2026 E\u2019 assolutamente necessario avere con se\u2019 i ramponcini perch\u00e9 oltre il passo zebr\u00f9 c\u2019\u00e8 un nevaio su cui \u00e8 pericoloso avventurarsi bici in mano senza ancorarsi.<\/address>\n<address><b>\u00a0<\/b><\/address>\n<address>\n<address><b>TRIDUO AGOSTO 2010 SEMPRE IN\u00a0VALDIDENTRO<\/b><\/address>\n<address><b>&#8211; ANELLO DA SEMOGO PRENDO IL SENTIERO DALLA FRAZIONE SAN CARLO PER RAGGIUNGERE LA DECAUVILLE \u2013 ALPE TRELA -CANCANO &#8211; TORRI DI FRAELE \u2013 E RIDISCESA A SEMOGO<\/b><\/address>\n<address><b>&#8211; SEMPRE DA SEMOGO IN VAL VEZZOLA E IN VAL VERVA<\/b><\/address>\n<address><b>&#8211; ANELLO FINALMENTE COMPLETATO !!! DA SANT\u2019ANTONIO VALFURVA A SANTA CATERINA \u2013 VALLE DEI FORNI \u2013 RIFUGIO PIZZINI \u2013 PASSO ZEBRU\u2019 \u2013 CAPANNA DEL PASTORE \u2013 VAL ZEBRU\u2019 \u2013 MADONNA DEI MONTI SANT\u2019ANTONIO VALFURVA.\u00a0<\/b><\/address>\n<address>\u00a0<\/address>\n<address>. . . Da allora continuo a macinare strada, dovunque vado in vacanza o a volare porto la mia RockRider 8.1, anche se devo dire che imprese da immortalare in un video non ne ho pi\u00f9 inanellate . . .<\/address>\n<address>\u00a0<\/address>\n<address>. . . Almeno finch\u00e8 la sorte mi ha riportato a lavorare e a prendere casa in valtellina nel luglio del 2014. Non per fare grandi imprese, ma per fare della Bike un affare quotidiano . . . In tutte le stagioni, in qualsiasi condizione meteo, inforcare la bici e salire da Tresivio a Santa Maria Perlungo. . . \u00a0oppure battere il sentiero dei terrazzamenti da Sondrio di Sopra fino a Teglio. . . diventare un frequentatore abituale della Decauville sopra Piateda dall&#8217;alpe Briotti fino alla centrale di Vedello e poi su fino allo Scaiss . . . il mortirolo . . . lo stelvio . . . cancano e la trela . . . il sentiero valtellina in lungo e in largo . . . la valmalenco . . .\u00a0<\/address>\n<address>\u00a0<\/address>\n<address>. . . Che dire amici . . . la mia vita sportiva da allora ha avuto una svolta : dalla pratica indoor della spinning room all&#8217;ondaverde di Corbetta, alle cime innevate della valle pi\u00f9 bella e grande d&#8217;Italia . . .<\/address>\n<address>\u00a0<\/address>\n<address><a href=\"http:\/\/azzurroticino.it\/wp-content\/uploads\/2013\/07\/IMG_9467.jpg\"><img fetchpriority=\"high\" decoding=\"async\" class=\"wp-image-287 aligncenter\" src=\"http:\/\/azzurroticino.it\/wp-content\/uploads\/2013\/07\/IMG_9467-1024x768.jpg\" alt=\"IMG_9467\" width=\"443\" height=\"333\" srcset=\"https:\/\/azzurroticino.it\/wp-content\/uploads\/2013\/07\/IMG_9467-1024x768.jpg 1024w, https:\/\/azzurroticino.it\/wp-content\/uploads\/2013\/07\/IMG_9467-300x225.jpg 300w\" sizes=\"(max-width: 443px) 100vw, 443px\" \/><\/a><\/address>\n<\/address>\n<address>\u00a0<\/address>\n<address>. . . Nel 2017 sono tornato in pianura . . . Sono tornato a volare al Cornizzolo . . . E dopo il volo, consuetudine voleva di ritornare in decollo con la bici . . . Ma ahim\u00e8, gli anni passano . . . E quella che un tempo era una fatica dura, ma sopportabile, oggi rischia di trasformarsi in sofferenza . . . Il cuore spesso andava oltre l&#8217;85% nei pezzi pi\u00f9 ripidi!<\/address>\n<address>E&#8217; iniziata cos\u00ec, nell&#8217;agosto 2017 la mia avventura con la BICI ASSISTITA, procuratami dall&#8217;amico ingegnere Alberto Martinez che nel frattempo ha aperto a Milano il negozio MARTESANABIKE. Sfidando lo sberleffo dei microcefali\u00a0\u00a0duri e puri del pedale e della fatica, oggi mi \u00e8 ritornato l&#8217;assoluto piacere della bicicletta e sto congegnando qualche avventura in giro per l&#8217;Italia . . . Quando decido ve lo dico !<\/address>\n<address>. . . E l&#8217;occasione si \u00e8 presentata . . .\u00a0 dal 27 maggio al 5 giugno 2018, insieme a mia moglie, in bici a ROMA lungo la via FRANCIGENA. 900 CHILOMETRI TOTALI : pi\u00f9 di 100\u00a0\u00a0CHILOMETRI AL GIORNO in 9 tappe. PRIMA TAPPA : usciti da casa abbiamo seguito la ciclabile dell&#8217;alta velocit\u00e0 fino a Boffalora, da qui il naviglio fino ad Abbiategrasso, il naviglietto fino a Bereguardo, l&#8217;argine del Ticino fino a Pavia, l&#8217;argine del Po fino a Voghera e poi salita a Rivanazzano. Ho scaricato le tracce della Francigena dal sito ufficiale, ma in questa prima parte del tour fino a Massa abbiamo fatto un nostro percorso . . . SECONDA TAPPA : da Rivanazzano a Genova passando per Busalla . . . TERZA TAPPA : da Genova a Framura . . . QUARTA TAPPA : da Framura a Marina di Massa . . . QUINTA TAPPA : da Marina di Massa a Lucca . . . SESTA TAPPA : da Lucca a San Gimignano, passando per San Miniato . . . SETTIMA TAPPA : da San Gimignano a Siena . . . SETTIMA TAPPA : da Siena a Chianciano Terme . . . OTTAVA TAPPA : da Chianciano a Viterbo, passando per Orvieto . . . NONA TAPPA da Viterbo a Roma . . .\u00a0\u00a0Mercoled\u00ec abbiamo presso treni regionali dalle 14 e siamo rientrati a casa a mezzanotte . . . BELLALITALIA!<\/address>\n<address>Sto programmando per il 2025 un anello da Milano a Mantova &#8211; Lago di Garda &#8211; Lago di Como &#8211; Casa . . . Vi dir\u00f2!<\/address>\n","protected":false},"excerpt":{"rendered":"<p>La mia passione per la bici, come molte cose belle nasce da un dolore\u2026 Forse il pi\u00f9 grande dolore di tutta la mia vita\u2026 Il 10 novembre del 2002 moriva il mio pap\u00e0 per un cancro ai polmoni\u2026 In quei giorni ho avuto l\u2019insight di come il mio tabagismo fosse fortemente ancorato a processi identificativi [&hellip;]<\/p>\n","protected":false},"author":1,"featured_media":287,"parent":0,"menu_order":0,"comment_status":"open","ping_status":"closed","template":"","meta":{"footnotes":""},"class_list":["post-64","page","type-page","status-publish","has-post-thumbnail","hentry"],"_links":{"self":[{"href":"https:\/\/azzurroticino.it\/index.php?rest_route=\/wp\/v2\/pages\/64","targetHints":{"allow":["GET"]}}],"collection":[{"href":"https:\/\/azzurroticino.it\/index.php?rest_route=\/wp\/v2\/pages"}],"about":[{"href":"https:\/\/azzurroticino.it\/index.php?rest_route=\/wp\/v2\/types\/page"}],"author":[{"embeddable":true,"href":"https:\/\/azzurroticino.it\/index.php?rest_route=\/wp\/v2\/users\/1"}],"replies":[{"embeddable":true,"href":"https:\/\/azzurroticino.it\/index.php?rest_route=%2Fwp%2Fv2%2Fcomments&post=64"}],"version-history":[{"count":11,"href":"https:\/\/azzurroticino.it\/index.php?rest_route=\/wp\/v2\/pages\/64\/revisions"}],"predecessor-version":[{"id":745,"href":"https:\/\/azzurroticino.it\/index.php?rest_route=\/wp\/v2\/pages\/64\/revisions\/745"}],"wp:featuredmedia":[{"embeddable":true,"href":"https:\/\/azzurroticino.it\/index.php?rest_route=\/wp\/v2\/media\/287"}],"wp:attachment":[{"href":"https:\/\/azzurroticino.it\/index.php?rest_route=%2Fwp%2Fv2%2Fmedia&parent=64"}],"curies":[{"name":"wp","href":"https:\/\/api.w.org\/{rel}","templated":true}]}}