{"id":511,"date":"2020-11-13T11:19:54","date_gmt":"2020-11-13T10:19:54","guid":{"rendered":"http:\/\/azzurroticino.it\/?page_id=511"},"modified":"2024-11-21T10:12:57","modified_gmt":"2024-11-21T09:12:57","slug":"dipartimento-lombardo-politiche-sociali-di-fratelli-ditalia","status":"publish","type":"page","link":"https:\/\/azzurroticino.it\/?page_id=511","title":{"rendered":"DIPARTIMENTO LOMBARDO POLITICHE SOCIALI DI FRATELLI D&#8217;ITALIA"},"content":{"rendered":"\n<div class=\"wp-block-file\"><a href=\"https:\/\/azzurroticino.it\/wp-content\/uploads\/2024\/11\/BURL-SEO47_19-11-2024-Approv.-bando-2025-contributi-x-iniziative-e-manifestazioni.pdf\" class=\"wp-block-file__button\" download>BANDO PER LA CONCESSIONE DI CONTRIBUTI A FONDO PERDUTO AD ENTI E ASSOCIAZIONI PER L&#8217;ORGANIZZAZIONE DI EVENTI DI INTERESSE REGIONALE 2024 2025<br><\/a><\/div>\n\n\n\n<div class=\"wp-block-file\"><a href=\"http:\/\/azzurroticino.it\/wp-content\/uploads\/2022\/12\/PROPOSTE-DIPARTIMENTI-PER-PROGRAMMA-REGIONALE-REV9.pdf\" class=\"wp-block-file__button\" download>QUESTO DOCUMENTO ELENCA LE PROPOSTE DEI DIPARTIMENTI SANITA&#8217; E POLITICHE SOCIALI DI FRATELLI D&#8217;ITALIA PER IL GOVERNO DEL SISTEMA SOCIO SANITARIO LOMBARDO\u00a0IN VISTA DELLE ELEZIONI PER IL\u00a0PRESIDENTE E IL CONSIGLIO REGIONALE DEL 12\/13 FEBBRAIO 2023\u00a0<\/a><\/div>\n\n\n\n<div class=\"wp-block-file\"><a href=\"http:\/\/azzurroticino.it\/wp-content\/uploads\/2022\/12\/PRONTI-.-.-.-PER-UN-NUOVO-WELFARE-IN-LOMBARDIA.pptx\" class=\"wp-block-file__button\" download>IN QUESTO DOCUMENTO LE SLIDES CHE SINTETIZZANO LE PROPOSTE DEI DIPARTIMENTI SANITA&#8217; E POLITICHE SOCIALI DI FRATELLI D&#8217;ITALIA PER IL GOVERNO DEL SISTEMA SOCIO SANITARIO LOMBARDO IN VISTA DELLE ELEZIONI PER IL PRESIDENTE E IL CONSIGLIO REGIONALE DEL 12\/13 FEBBRAIO 2023<\/a><\/div>\n\n\n\n<div class=\"wp-block-file\"><a href=\"http:\/\/azzurroticino.it\/wp-content\/uploads\/2023\/09\/ORGANIGRAMMA-2023-1.pdf\" class=\"wp-block-file__button\" download>IN QUESTO DOCUMENTO I COMPONENTI DEI DIPARTIMENTI POLITICHE SOCIALI E WELFARE DI FRATELLI D&#8217;ITALIA LOMBARDIA E I LORO CONTATTI<br>ORGANIGRAMMA-2023-1<\/a><\/div>\n\n\n\n<div class=\"wp-block-file\"><a href=\"http:\/\/azzurroticino.it\/wp-content\/uploads\/2022\/11\/PROPOSTE-DIPARTIMENTI-PER-PROGRAMMA-REGIONALE-REV5.pdf\" class=\"wp-block-file__button\" download>IN QUESTO DOCUMENTO LE PROPOSTE DEI DIPARTIMENTI WELFARE E POLITICHE SOCIALI DI FRATELLI D&#8217;ITALIA LOMBARDIA PER L&#8217;ELABORAZIONE DEL PROGRAMMA ELETTORALE DEL CENTRO DESTRA PER LE PROSSIME ELEZIONI REGIONALI 2023<\/a><\/div>\n\n\n<p style=\"padding-left: 40px;\">Cari amici, comincia per me una nuova avventura : il portavoce regionale lombardo &nbsp;di Fratelli d&#8217;Italia, Daniela Santanch\u00e8 mi ha nominato coordinatore del dipartimento per le politiche sociali. Il dipartimento lavorer\u00e0 in rete con il dipartimento nazionale, coordinato dall&#8217;amico Francesco Figliomeni e composto dai coordinatori dei dipartimenti di ogni regione.<\/p>\n<p style=\"padding-left: 40px;\">Il nostro compito \u00e8 prima di tutto quello di CREARE RETI in cui ricevere e dare informazioni : in questa prima fase 2 sono le reti portanti : 1) GLI AMMINISTRATORI LOCALI CHE CONDIVIDONO O SIMPATIZZANO PER IL PROGETTO POLITICO DI GIORGIA MELONI &#8211; 2) AMMINISTRATORI DI ORGANIZZAZIONI SOCIALI DEL TERZO E DEL QUARTO SETTORE CHE UMANAMENTE, PROFESSIONALMENTE O CULTURALMENTE SONO INTERESSATI AL PROGETTO POLITICO. Si tratta di creare phone e mailing list&nbsp;in cui ricevere e inviare documentazione, informazioni e ragionamenti.<\/p>\n<p style=\"padding-left: 40px;\">Il secondo compito che abbiamo \u00e8 quello di fornire INFORMAZIONI sull&#8217;impatto che la policy regionale e nazionale ha sulle nostre comunit\u00e0 e PROPOSTE di indirizzo sulla POLICY. Il nostro focus \u00e8 ovviamente soprattutto quello regionale. A livello nazionale si tratta di contribuire a organizzare GRANDI EVENTI (in questo periodo virtuali ma si spera pi\u00f9 in la anche IN PRESENZA) in cui GIORGIA riesca a veicolare le nostre ricette per GOVERNARE i grandi fenomeni sociali attuali&nbsp; &nbsp;CHE RIESCANO A SOPPIANTERE LA NARRAZIONE CHE LA SINISTRA HA PURTROPPO IMPOSTO DAL DOPOGUERRA AD OGGI . . .<\/p>\n<ul>\n<li><em>in tema di IMMIGRAZIONE hanno imposto la dottrina buonista dell&#8217;integrazione universale per nascondere il business dell&#8217;accoglienza a cui dobbiamo contrapporre la difesa dei confini dall&#8217;invasione dei clandestini .<\/em><\/li>\n<li><em>hanno fatto di tutto per sfasciare la FAMIGLIA : genitore 1 genitore 2, nascondendo i traumi connessi alle separazioni, agli aborti, al finevita, all&#8217;abuso di stupefacenti . . . a cui dobbiamo contrapporre la difesa della<\/em> tradizione<\/li>\n<li><em>hanno imposto il relativismo RELIGIOSO : hanno tolto crocefissi, hanno coperto statue, hanno desacralizzato i cimiteri . . . a cui dobbiamo rispondere con la riaffermazione delle radici cristiane dell&#8217;europa e con la preferenza dell&#8217;immigrazione regolare da paesi culturalmente affini bloccando l&#8217;invasione islamista<\/em><\/li>\n<li><em>in tema di tutele hanno rovesciato la gerarchia dell&#8217;aiuto con 1000 euro per i clandestini, 700 euro per i redditi di cittadinanza, 400 euro per i disabili e 45 anni di contribuzione per mandare in pensione chi lavora . . <\/em><\/li>\n<li><em>in tema di rapporti intrafamigliari hanno teorizzato che il peggior istituto \u00e8 meglio della migliore famiglia per cui dove governano configurano i servizi sociali per favorire la separazione del minore dalla mamma e pap\u00e0 e, paradossalmente per una permanenza in famiglia del figlio adulto parassita, magari imbottito di droghe e psicofarmaci di stato . . .<\/em><\/li>\n<\/ul>\n<p>Ci aspetta un grande lavoro . . . vediamo quello che riusciamo a fare . . .<\/p>\n<h1 style=\"padding-left: 40px;\">IN TEMA DI RSA<\/h1>\n<h5 style=\"padding-left: 40px;\">Cari amici, \u00e8 fuori discussione che il sistema delle RSA rappresenta la maggiore risorsa fra le STRUTTURE INTERMEDIE fra ospedale e casa. Con poche modifiche normative \u00e8 possibile &#8220;aggiustare&#8221; le criticit\u00e0 che riguardano da un lato il rapporto con CASA e dall&#8217;altro lato il rapporto con l&#8217;OSPEDALE .<\/h5>\n<h5 style=\"padding-left: 40px;\">Cominciamo con la CASA che \u00e8 il lato pi\u00f9 semplice : i costi di gestione proibitivi sono generati prevalentemente dal minutaggio richiesto al personale di assistenza. Lo &#8220;sconto&#8221; sulla retta \u00e8 realizzabile esclusivamente prevedendo l&#8217;inclusione del care giver famigliare nel saldo del minutaggio assistenziale (previa eventualmente una piccola formazione per &#8220;professionalizzare&#8221; ) L&#8217;introduzione del famigliare nell&#8217;equipe di cura favorisce da un lato l&#8217;umanizzazione e un controllo attivo sulla attivit\u00e0 clinica ed assistenziale.<\/h5>\n<h5 style=\"padding-left: 40px;\">Sul lato &#8220;OSPEDALE&#8221; la RSA consente gi\u00e0 oggi la sostituzione del medico di famiglia (con la possibilit\u00e0 di estendere questa SOSTITUZIONE oltre che ai ricoverati anche ai cronici che sottoscrivono il patto di cura). Acquisiti gli specialisti e la diagnostica per garantire la gestione del cronico si genera la possibilit\u00e0 di creare una AREA CLINICA che consenta di gestire le fasi critiche senza l&#8217;invio in pronto soccorso.<\/h5>\n\n\n<p><\/p>\n","protected":false},"excerpt":{"rendered":"<p>Cari amici, comincia per me una nuova avventura : il portavoce regionale lombardo &nbsp;di Fratelli d&#8217;Italia, Daniela Santanch\u00e8 mi ha nominato coordinatore del dipartimento per le politiche sociali. Il dipartimento lavorer\u00e0 in rete con il dipartimento nazionale, coordinato dall&#8217;amico Francesco Figliomeni e composto dai coordinatori dei dipartimenti di ogni regione. Il nostro compito \u00e8 prima [&hellip;]<\/p>\n","protected":false},"author":2,"featured_media":0,"parent":0,"menu_order":0,"comment_status":"closed","ping_status":"closed","template":"","meta":{"footnotes":""},"class_list":["post-511","page","type-page","status-publish","hentry"],"_links":{"self":[{"href":"https:\/\/azzurroticino.it\/index.php?rest_route=\/wp\/v2\/pages\/511","targetHints":{"allow":["GET"]}}],"collection":[{"href":"https:\/\/azzurroticino.it\/index.php?rest_route=\/wp\/v2\/pages"}],"about":[{"href":"https:\/\/azzurroticino.it\/index.php?rest_route=\/wp\/v2\/types\/page"}],"author":[{"embeddable":true,"href":"https:\/\/azzurroticino.it\/index.php?rest_route=\/wp\/v2\/users\/2"}],"replies":[{"embeddable":true,"href":"https:\/\/azzurroticino.it\/index.php?rest_route=%2Fwp%2Fv2%2Fcomments&post=511"}],"version-history":[{"count":14,"href":"https:\/\/azzurroticino.it\/index.php?rest_route=\/wp\/v2\/pages\/511\/revisions"}],"predecessor-version":[{"id":752,"href":"https:\/\/azzurroticino.it\/index.php?rest_route=\/wp\/v2\/pages\/511\/revisions\/752"}],"wp:attachment":[{"href":"https:\/\/azzurroticino.it\/index.php?rest_route=%2Fwp%2Fv2%2Fmedia&parent=511"}],"curies":[{"name":"wp","href":"https:\/\/api.w.org\/{rel}","templated":true}]}}