{"id":50,"date":"2012-08-27T17:42:00","date_gmt":"2012-08-27T16:42:00","guid":{"rendered":"http:\/\/gpademo.it\/ticino\/?page_id=50"},"modified":"2021-10-05T09:24:01","modified_gmt":"2021-10-05T08:24:01","slug":"angelo-in-volo","status":"publish","type":"page","link":"https:\/\/azzurroticino.it\/?page_id=50","title":{"rendered":"VOLO : IL VOLO APPLICATO ALLA PSICOTERAPIA"},"content":{"rendered":"<p style=\"text-align: center;\"><iframe src=\"http:\/\/player.vimeo.com\/video\/48135256\" width=\"500\" height=\"375\" frameborder=\"0\"><\/iframe><\/p>\n<h4 style=\"text-align: center;\"><strong>Uno dei pi\u00f9 grandi temi della psicoterapia nel mondo \u00e8 la DURATA DELLA CURA. E pi\u00f9 la vita si velocizza, pi\u00f9 questa questione diventa fondamentale . . . Come favorire l&#8217;emersione di ci\u00f2 che \u00e8 stato rimosso ? Come riattualizzare nel minor tempo possibile i fantasmi del subconscio per riattraversarli e liquidarli? Da qualche anno utilizzo il VOLO IN PARAPENDIO per velocizzare la cura . . . Gli studi che ho fatto tuttavia mi hanno dimostrato che il volo \u00e8 indicato per SCONGELARE IN FRETTA solo alcuni traumi, paradossalmente quelli pi\u00f9 difficili, complessi e lunghi da trattare . . . Per valutare SE IL VOLO PUO&#8217; AIUTARTI A VELOCIZZARE LA TUA PSICOTERAPIA, FISSA UN APPUNTAMENTO CON ME, O TELEFONANDOMI AL 3475423893.<\/strong><\/h4>\n\n\n<p class=\"has-text-align-center\"><strong>Allego qui sotto gli articoli che ho pubblicato sulla rivista italiana di volo libero<\/strong> <strong>sull&#8217;uso del volo come coadiuvante della cura psicologica<\/strong><\/p>\n\n\n\n<div class=\"wp-block-file\"><a href=\"http:\/\/azzurroticino.it\/wp-content\/uploads\/2021\/10\/VOLO-LIBERO-261.pdf\">VOLO-LIBERO-261<\/a><a href=\"http:\/\/azzurroticino.it\/wp-content\/uploads\/2021\/10\/VOLO-LIBERO-261.pdf\" class=\"wp-block-file__button\" download>Download<\/a><\/div>\n\n\n\n<div class=\"wp-block-file\"><a href=\"http:\/\/azzurroticino.it\/wp-content\/uploads\/2021\/10\/VOLO-LIBERO-263.pdf\">VOLO-LIBERO-263<\/a><a href=\"http:\/\/azzurroticino.it\/wp-content\/uploads\/2021\/10\/VOLO-LIBERO-263.pdf\" class=\"wp-block-file__button\" download>Download<\/a><\/div>\n\n\n\n<div class=\"wp-block-file\"><a href=\"http:\/\/azzurroticino.it\/wp-content\/uploads\/2021\/10\/VOLO-LIBERO-264.pdf\">VOLO-LIBERO-264<\/a><a href=\"http:\/\/azzurroticino.it\/wp-content\/uploads\/2021\/10\/VOLO-LIBERO-264.pdf\" class=\"wp-block-file__button\" download>Download<\/a><\/div>\n\n\n\n<p><\/p>\n","protected":false},"excerpt":{"rendered":"<p>Uno dei pi\u00f9 grandi temi della psicoterapia nel mondo \u00e8 la DURATA DELLA CURA. E pi\u00f9 la vita si velocizza, pi\u00f9 questa questione diventa fondamentale . . . Come favorire l&#8217;emersione di ci\u00f2 che \u00e8 stato rimosso ? Come riattualizzare nel minor tempo possibile i fantasmi del subconscio per riattraversarli e liquidarli? Da qualche anno [&hellip;]<\/p>\n","protected":false},"author":1,"featured_media":0,"parent":0,"menu_order":0,"comment_status":"open","ping_status":"open","template":"","meta":{"footnotes":""},"class_list":["post-50","page","type-page","status-publish","hentry"],"_links":{"self":[{"href":"https:\/\/azzurroticino.it\/index.php?rest_route=\/wp\/v2\/pages\/50","targetHints":{"allow":["GET"]}}],"collection":[{"href":"https:\/\/azzurroticino.it\/index.php?rest_route=\/wp\/v2\/pages"}],"about":[{"href":"https:\/\/azzurroticino.it\/index.php?rest_route=\/wp\/v2\/types\/page"}],"author":[{"embeddable":true,"href":"https:\/\/azzurroticino.it\/index.php?rest_route=\/wp\/v2\/users\/1"}],"replies":[{"embeddable":true,"href":"https:\/\/azzurroticino.it\/index.php?rest_route=%2Fwp%2Fv2%2Fcomments&post=50"}],"version-history":[{"count":13,"href":"https:\/\/azzurroticino.it\/index.php?rest_route=\/wp\/v2\/pages\/50\/revisions"}],"predecessor-version":[{"id":759,"href":"https:\/\/azzurroticino.it\/index.php?rest_route=\/wp\/v2\/pages\/50\/revisions\/759"}],"wp:attachment":[{"href":"https:\/\/azzurroticino.it\/index.php?rest_route=%2Fwp%2Fv2%2Fmedia&parent=50"}],"curies":[{"name":"wp","href":"https:\/\/api.w.org\/{rel}","templated":true}]}}