{"id":43,"date":"2012-01-08T19:29:33","date_gmt":"2012-01-08T18:29:33","guid":{"rendered":"http:\/\/gpademo.it\/ticino\/?page_id=43"},"modified":"2024-08-13T15:38:47","modified_gmt":"2024-08-13T14:38:47","slug":"comunita-a-stefano-casati","status":"publish","type":"page","link":"https:\/\/azzurroticino.it\/?page_id=43","title":{"rendered":"COMUNITA&#8217;  &#8220;A STEFANO CASATI&#8221;"},"content":{"rendered":"<table border=\"1\" width=\"100%\" cellspacing=\"0\" cellpadding=\"0\">\n<tbody>\n<tr>\n<td width=\"100%\">\n<h2>\u00a0PER SAPERNE DI PIU&#8217; CLIKKA: <a href=\"http:\/\/www.casaticoop.it\/\" target=\"_blank\" rel=\"noopener noreferrer\">www.casaticoop.it<\/a><\/h2>\n<\/td>\n<\/tr>\n<\/tbody>\n<\/table>\n<address>\u00a0<\/address>\n<h1><strong><span style=\"font-size: x-large;\">. . . prima di tutto, per donare il tuo 5&#215;1000 basta inserire nell&#8217;apposita voce del modello 730 la partita iva della cooperativa : <\/span>12262580157<\/strong><\/h1>\n<address><strong><span style=\"font-size: x-large;\">e poi, perch\u00e8 il link di una cooperativa sociale in un sito di psicologia del volo e tanto altro<\/span><\/strong><span style=\"font-size: x-large;\"><strong>\u00a0?<\/strong><\/span><\/address>\n<address>\u00a0<\/address>\n<address><strong><span style=\"font-size: medium;\">Presto detto:<\/span><\/strong><\/address>\n<address><strong><span style=\"font-size: medium;\">Si tratta di una istituzione che ho concorso a far nascere e di un gruppo di lavoro che negli ultimi 40 anni ho aiutato a crescere e mi ha aiutato a crescere.<\/span><\/strong><\/address>\n<address>\u00a0<\/address>\n<address><strong><span style=\"font-size: medium;\">E come ha aiutato me, penso possa essere un punto di riferimento per quanti frequentano il mio sito.<\/span><\/strong><\/address>\n<address>\u00a0<\/address>\n<address><strong><span style=\"font-size: medium;\">&#8220;A Stefano Casati&#8221; \u00e8 prima di tutto un gruppo di amici che come &#8220;soci prestatori d&#8217;opera&#8221; e &#8220;soci volontari&#8221; (io appartengo a questo sottogruppo), gestisce :<\/span><\/strong><\/address>\n<address>\n<ul>\n<li>\n<address><span style=\"color: #ff0000; font-size: medium;\"><strong><span style=\"font-size: large;\">una comunit\u00e0 alloggio per minori (alle soglie della maggiore et\u00e0) in difficolt\u00e0\u00a0 \u00a0<\/span><\/strong><\/span><\/address>\n<\/li>\n<li>\n<address><span style=\"color: #ff0000; font-size: medium;\"><strong><span style=\"font-size: large;\">una comunit\u00e0 terapeutica per donne in difficolt\u00e0 in quel di Fagnano di Gaggiano (Mi)<\/span><\/strong><\/span><\/address>\n<\/li>\n<\/ul>\n<\/address>\n<address>\n<ul>\n<li>\n<address><span style=\"color: #ff0000; font-size: medium;\"><strong><span style=\"font-size: large;\">una comunit\u00e0 terapeutica per donne in difficolt\u00e0 che hanno con se&#8217; i loro piccoli figli &#8230; in quel di Renate in Brianza (MB)<\/span><\/strong><\/span><\/address>\n<\/li>\n<li>\n<address><span style=\"color: #ff0000;\"><strong><strong>un centro di ascolto un negozio per la vendita dell&#8217;artigianato autoprodotto in via Ugo Foscolo n\u00b0 10 ad Abbiategrasso<\/strong><\/strong><\/span><\/address>\n<\/li>\n<\/ul>\n<\/address>\n<address><strong><span style=\"font-size: medium;\">Se vuoi delle informazioni supplementari chiamami o scrivimi.<\/span><\/strong><\/address>\n<address><strong><span style=\"font-size: medium;\">Oppure mettiti in contatto direttamente con gli uffici della cooperativa:<\/span><\/strong><\/address>\n<address><strong><span style=\"font-size: medium;\">&#8211; A.S. Adele Ciceri, o la <\/span><\/strong><strong><span style=\"font-size: medium;\">sig.ra Lella Confalonieri al numero telefonico 02 94964953<\/span><\/strong><\/address>\n<address>\u00a0<\/address>\n","protected":false},"excerpt":{"rendered":"<p>\u00a0PER SAPERNE DI PIU&#8217; CLIKKA: www.casaticoop.it \u00a0 . . . prima di tutto, per donare il tuo 5&#215;1000 basta inserire nell&#8217;apposita voce del modello 730 la partita iva della cooperativa : 12262580157 e poi, perch\u00e8 il link di una cooperativa sociale in un sito di psicologia del volo e tanto altro\u00a0? \u00a0 Presto detto: Si [&hellip;]<\/p>\n","protected":false},"author":1,"featured_media":0,"parent":0,"menu_order":0,"comment_status":"open","ping_status":"closed","template":"","meta":{"footnotes":""},"class_list":["post-43","page","type-page","status-publish","hentry"],"_links":{"self":[{"href":"https:\/\/azzurroticino.it\/index.php?rest_route=\/wp\/v2\/pages\/43","targetHints":{"allow":["GET"]}}],"collection":[{"href":"https:\/\/azzurroticino.it\/index.php?rest_route=\/wp\/v2\/pages"}],"about":[{"href":"https:\/\/azzurroticino.it\/index.php?rest_route=\/wp\/v2\/types\/page"}],"author":[{"embeddable":true,"href":"https:\/\/azzurroticino.it\/index.php?rest_route=\/wp\/v2\/users\/1"}],"replies":[{"embeddable":true,"href":"https:\/\/azzurroticino.it\/index.php?rest_route=%2Fwp%2Fv2%2Fcomments&post=43"}],"version-history":[{"count":8,"href":"https:\/\/azzurroticino.it\/index.php?rest_route=\/wp\/v2\/pages\/43\/revisions"}],"predecessor-version":[{"id":726,"href":"https:\/\/azzurroticino.it\/index.php?rest_route=\/wp\/v2\/pages\/43\/revisions\/726"}],"wp:attachment":[{"href":"https:\/\/azzurroticino.it\/index.php?rest_route=%2Fwp%2Fv2%2Fmedia&parent=43"}],"curies":[{"name":"wp","href":"https:\/\/api.w.org\/{rel}","templated":true}]}}