{"id":37,"date":"2012-01-08T19:27:58","date_gmt":"2012-01-08T18:27:58","guid":{"rendered":"http:\/\/gpademo.it\/ticino\/?page_id=37"},"modified":"2024-08-14T06:56:51","modified_gmt":"2024-08-14T05:56:51","slug":"curo-il-mio-bambino-con-le-fiabe","status":"publish","type":"page","link":"https:\/\/azzurroticino.it\/?page_id=37","title":{"rendered":"FIABE : PERCHE&#8217; LE FIABE SONO CURATIVE"},"content":{"rendered":"<address><img decoding=\"async\" src=\"http:\/\/www.azzurroticino.it\/pers063.gif\" alt=\"\" width=\"104\" height=\"92\" border=\"0\" \/><span style=\"font-family: Arial; font-size: medium;\">\u00a0PROGRAMMA CORSO ECM &#8220;LA FIABA CHE CURA&#8221; &#8211; CREMONA <\/span><\/address>\n<address>\u00a0<\/address>\n<address><img fetchpriority=\"high\" decoding=\"async\" src=\"http:\/\/www.azzurroticino.it\/LA%20FIABA%20CHE%20CURA.jpg\" alt=\"\" width=\"600\" height=\"826\" border=\"0\" \/><\/address>\n<address>\u00a0<\/address>\n<address><strong><img decoding=\"async\" src=\"http:\/\/www.azzurroticino.it\/scu17.gif\" alt=\"\" width=\"86\" height=\"81\" border=\"0\" \/>\u00a0 HO TENUTO UNA LEZIONE SUL POTERE CURATIVO DELLA FIABA PRESSO LA BIBLIOTECA COMUNALE DI VERMEZZO (MI)\u2026 QUESTA E\u2019 LA TRACCIA CHE HO SEGUITO \u2026<\/strong><\/address>\n<address>\u00a0<\/address>\n<address><strong>Bruno Bettelheim ne\u2019 \u201cil mondo incantato\u201d l\u2019aveva previsto : soppiantare\u00a0la FIABA RACCONTATA\u00a0 a beneficio della FAVOLA AUDIO\/VIDEO, avrebbe prodotto guasti nel cervello di tanti bambini\u2026 E puntualmente la profezia si \u00e8 avverata.<\/strong><\/address>\n<address>Aver trascurato il principale presidio naturale di salvaguardia dell\u2019igiene mentale dei nostri piccoli ha comportato, da un lato il dilagare del disagio psichico e dall\u2019altro lato l\u2019incremento della domanda e del consumo di surrogati chimici\u00a0 (psicofarmaci) che hanno una loro efficacia, ma ahim\u00e8 non sono privi di effetti collaterali.<\/address>\n<address>E non possiamo certo sostenere che sono i cambiamenti sociologici a indurre una recrudescenza del malessere \u2026 Fuori dalle metafora dei catastrofisti\u00a0 possiamo con evidenti ragioni sostenere che se il mondo sta cambiando, non sta certo cambiando in peggio :<\/address>\n<address>&#8211; pensiamo che per i primi cinquanta anni del secolo che si \u00e8 appena concluso, i bambini hanno convissuto con la realt\u00e0 della guerra mondiale permanente \u2026<\/address>\n<address>&#8211; pensiamo che per i secondi cinquant\u2019anni, i bambini hanno vissuto con l\u2019incubo del comunismo e della guerra fredda, della possibile involuzione verso il medioevo della civilt\u00e0\u2026<\/address>\n<address>&#8211; per non parlare della qualit\u00e0 dell\u2019acqua e dell\u2019aria negli anni \u201960, \u201970 e \u201980 \u2026<\/address>\n<address>&#8211; lo spettro della mortalit\u00e0 perinatale e neonatale si \u00e8 progressivamente assottigliato \u2026<\/address>\n<address>&#8211; le tutele sociali consentono a mamme e pap\u00e0 di passare sempre pi\u00f9 tempo con i loro bambini.<\/address>\n<address>&#8211; la qualit\u00e0 degli oggetti marchiati e esenti da tossici possono con fiducia garantire sempre pi\u00f9 la salute nella manipolazione \u2026<\/address>\n<address>&#8211; pensiamo poi alle garanzie di controllo alimentare \u2026<\/address>\n<address>&#8211; al venir meno dell\u2019uso di diserbanti tossici \u2026<\/address>\n<address>\u00a0<\/address>\n<address>\u2026 NONOSTANTE TUTTI QUESTI MIGLIORAMENTI DI CONTESTO \u2026<\/address>\n<address><strong>&#8211;\u00a0Dal 2000 a oggi, il consumo di psicofarmaci da parte di bambini e adolescenti \u00e8 pi\u00f9 che triplicato\u2026<\/strong><\/address>\n<address><strong>&#8211;\u00a0\u00a0La percentuale di minori italiani che soffrono di disagi e turbe mentali secondo i risultati del progetto di screening PRISMA 2004 \u00e8 DEL 9% (730.000\u00a0 unit\u00e0)<\/strong><\/address>\n<address><strong>&#8211;\u00a0\u00a0Nel quadro della stessa ricerca (Ministero della salute) I MINORI ITALIANI CHE SOFFRIREBBERO DI ADHD (sindrome da iperattivit\u00e0 e deficit di attenzione) \u00e8 del 2% (170.000 unit\u00e0)<\/strong><\/address>\n<address><strong>&#8211; \u00a030.000 bambini italiani ogni giorno assumono farmaci antidepressivi che l\u2019 EMEA ha interdetto (fonte : Istituto farmacologico Mario Negri \u2013 Milano)<\/strong><\/address>\n<address>\u00a0<\/address>\n<address>IL TRATTAMENTO FARMACOLOGICO AFFRONTA ALCUNE QUESTIONI, MA INEVITABILMENTE NE APRE TANTE ALTRE \u2026<\/address>\n<address>Gran parte dei ragazzi in terapia psichiatrica purtroppo riceve cure \u201coff label\u201d, con sostanze non appositamente testate sulla loro et\u00e0 (da qui probabilmente discende l\u2019incremento dei disturbi cardiovascolari e della tendenza al suicidio).<\/address>\n<address><strong>Per questo motivo in Europa, lo scorso anno sono state bandite 11 molecole antidepressive in uso in et\u00e0 pediatrica in quanto ispiravano idee suicide nei bambini (European Agency for the Evaluation of Medical Products &#8211; EMEA). Nonostante\u00a0la direttiva EMEA, come abbiamo riferito, ancora decine di migliaia di bambini sono sottoposti a trattamenti farmacologici con molecole bandite\u2026<\/strong><\/address>\n<address>Anche i tre\u00a0 principi attivi entrati recentemente in commercio nel nostro Paese con delle precauzioni prescrittive pi\u00f9 stringenti non sono esenti da controindicazioni, fra tutti spicca l\u2019avviso della Food and Drug Administration (FDA) del febbraio 2005 che il rischio di suicidio ei bambini e adolescenti trattati con farmaci antidepressivi era maggiore (4% rispetto a 2%) rispetto a quelli trattati con placebo :<\/address>\n<address><strong>&#8211; Metilfenidato (Ritalin)\u00a0 : prescritto solo dal neuropsichiatria, uso segnalato su registro nazionale, obbligo di verifiche periodiche, almeno una sospensione del trattamento ogni anno<\/strong><\/address>\n<address><strong>&#8211; \u00a0Automoxetina (Strattera) : la scheda tecnica riporta nell\u2019 avvertenza la comprovata insorgenza di pensieri suicidali nello 0,4% dei bambini trattati, e effetti cardiovascolari indesiderati.<\/strong><\/address>\n<address><strong>&#8211;\u00a0\u00a0Fluoxetina (Prozac) : prescritto solo da neuropsichiatra infantile o psichiatra, solo in associazione con psicoterapia<\/strong><\/address>\n<address>\u00a0<\/address>\n<address>Sono state depositate in parlamento proposte di Legge per regolamentare in maniera stringente la materia\u2026 Tuttavia nessuna Legge potr\u00e0 migliorare di per se\u2019 il dato della sofferenza mentale dei nostri bambini e adolescenti e nei prossimi anni sentiremo molto parlare di questa sigla ADHD\u2026<\/address>\n<address>Ma se fosse vero quanto sostenuto da Betteheim, che una delle radici di tale sofferenza fosse da ricercare nell\u2019abbandono della fiaba raccontata come presidio di igiene mentale ?<\/address>\n<address>E\u2019 di tutta evidenza che non \u00e8 possibile ordinare per Legge ai genitori di tornare al racconto della fiaba \u2026<\/address>\n<address>E\u2019 tuttavia possibile che le mamme e i pap\u00e0, riflettendo sui rischi a cui espongono i propri figli deprivandoli delle fiabe, si accostino all\u2019unica raccolta certificata di fiabe italiane contenuta nei 3 volumi OSCAR MONDADORI\u00a0 di\u00a0 FIABE ITALIANE di ITALO CALVINO.<\/address>\n<address>Soprattutto se la fiaba viene scelta rispondendo al questionario contenuto del programma COMPUTERIZZATO \u201cVIVA LE FIABE\u201d che puoi scaricare in questo mio sito \u201cAZZURROTICINO.IT\u201d alla pagina CURO IL MIO BAMBINO CON LE FIABE \u2026<\/address>\n<address>\u00a0<\/address>\n<address><img loading=\"lazy\" decoding=\"async\" src=\"http:\/\/www.azzurroticino.it\/by49.gif\" alt=\"\" width=\"98\" height=\"108\" border=\"0\" \/>\u00a0\u00a0\u00a0 Di seguito ho riportato le caratteristiche curative delle fiabe \u2026 CURANO, E NON HANNO CONTROINDICAZIONI<\/address>\n<address>&#8230; Caro visitatore di questo sito.<\/address>\n<address>Stai per entrare in contatto con un prodotto clinico miracoloso e nello stesso tempo semplice e accessibile. Era fino a 50 anni fa lo strumento pi\u00f9 utilizzato per la prevenzione e la tutela dell&#8217;igiene mentale dei popoli.<\/address>\n<address>E&#8217; progressivamente caduto in disuso, inopinatamente soppiantato da beni di consumo, televisione e audiovisivi, farmaci &#8230;<\/address>\n<address>La coscienza collettiva di quale tragico errore fosse &#8220;mettere in soffitta&#8221; le fiabe ogni tanto fa capolino : per cui nei programmi didattici, nei programmi televisivi, nei programmi formativi, ogni tanto la fiaba ritorna a far capolino.<\/address>\n<address>Ci torna per\u00f2 in modo generico, confuso &#8230; Ma un rientro in scena siffatto non ne garantisce la permanenza. Con questo programma ho la pretesa di contribuire a riportare alla ribalta la fiaba in versione clinica.<\/address>\n<address><strong>LA FIABA CHE CURA &#8230;<\/strong><\/address>\n<address><strong>LA FIABA CHE SE VIENE LETTA AL BAMBINO PUO&#8217; AIUTARLO A GUARIRE DAI SUOI SINTOMI FISICI, MENTALI O COMPORTAMENTALI&#8230; PERCHE&#8217; E&#8217; UNA FORMA DI PSICOTERAPIA BREVE MA ESTREMAMENTE EFFICACE.<\/strong><\/address>\n<address>\u00a0<\/address>\n<address>Uniche condizioni :<\/address>\n<address>1) SCARICARE IL QUESTIONARIO, DEZZIPPARLO E INSTALLARLO SUL PROPRIO COMPUTER. DOPPIO CLIK SULL&#8217;ICONA &#8220;W LE FIABE.EXE&#8221; E COMPILARE IL QUESTIONARIO. PER LE PRIME 5 RISPOSTE DATE IL QUADRO CAMBIA DA SE&#8217;, PER LE SUCCESSIVE, DOPO AVER DATO ANCHE PIU&#8217; DI UNA RISPOSTA, OCCORRE DARE L&#8217;INVIO PER LA SCHERMATA SUCCESSIVA.AL TERMINE IL COMPUTER FORNISCE I TITOLI DI 3 FIABE CON RELATIVO PUNTEGGIO : QUELLA CHE HA PIU&#8217; PUNTEGGIO E&#8217; LA FIABA GIUSTA DA RACCONTARE AL BAMBINO PER GUARIRLO.<\/address>\n<address>2) COMPRARE I TRE VOLUMETTI IN FORMATO ECONOMICO OSCAR MONDADORI DELLA RACCOLTA &#8220;FIABE ITALIANE&#8221; DI ITALO CALVINO.<\/address>\n<address>3) LEGGERE PR ALMENO 15 GIORNI\u00a0 LA FIABA AL BAMBINO PRIMA DI ANDARE A NANNA &#8230;<\/address>\n<address>\u00a0<\/address>\n<address>Qui sotto alcune dia esplicative.<\/address>\n<address>Se vuoi saperne di pi\u00f9, scrivimi al mio indirizzo :\u00a0<a href=\"mailto:garavaglia.a@libero.it\">garavaglia.a@libero.it<\/a><\/address>\n<address>\u00a0<\/address>\n<address><img loading=\"lazy\" decoding=\"async\" src=\"http:\/\/www.azzurroticino.it\/fiabe%201.jpg\" alt=\"\" width=\"500\" height=\"346\" border=\"0\" \/><\/address>\n<address>\u00a0<\/address>\n<address><img loading=\"lazy\" decoding=\"async\" src=\"http:\/\/www.azzurroticino.it\/fiabe%202.jpg\" alt=\"\" width=\"500\" height=\"345\" border=\"0\" \/><\/address>\n<address>\u00a0<\/address>\n<address><img loading=\"lazy\" decoding=\"async\" src=\"http:\/\/www.azzurroticino.it\/fiabe%203.jpg\" alt=\"\" width=\"500\" height=\"346\" border=\"0\" \/><\/address>\n<address>\u00a0<\/address>\n<address><img loading=\"lazy\" decoding=\"async\" src=\"http:\/\/www.azzurroticino.it\/fiabe%204.jpg\" alt=\"\" width=\"500\" height=\"345\" border=\"0\" \/><\/address>\n<address>\u00a0<\/address>\n<address><img loading=\"lazy\" decoding=\"async\" src=\"http:\/\/www.azzurroticino.it\/FIABE%205.jpg\" alt=\"\" width=\"500\" height=\"345\" border=\"0\" \/><\/address>\n<address>\u00a0<\/address>\n<address><img loading=\"lazy\" decoding=\"async\" src=\"http:\/\/www.azzurroticino.it\/FIABE%206.jpg\" alt=\"\" width=\"500\" height=\"346\" border=\"0\" \/><\/address>\n<address>\u00a0<\/address>\n<address><img loading=\"lazy\" decoding=\"async\" src=\"http:\/\/www.azzurroticino.it\/FIABE%207.jpg\" alt=\"\" width=\"500\" height=\"346\" border=\"0\" \/><\/address>\n<address>\u00a0<\/address>\n<address><img loading=\"lazy\" decoding=\"async\" src=\"http:\/\/www.azzurroticino.it\/FIABE%208.jpg\" alt=\"\" width=\"500\" height=\"346\" border=\"0\" \/><\/address>\n<address>\u00a0<\/address>\n<address><img loading=\"lazy\" decoding=\"async\" src=\"http:\/\/www.azzurroticino.it\/FIABE%209.jpg\" alt=\"\" width=\"500\" height=\"349\" border=\"0\" \/><\/address>\n<address>\u00a0<\/address>\n","protected":false},"excerpt":{"rendered":"<p>\u00a0PROGRAMMA CORSO ECM &#8220;LA FIABA CHE CURA&#8221; &#8211; CREMONA \u00a0 \u00a0 \u00a0 HO TENUTO UNA LEZIONE SUL POTERE CURATIVO DELLA FIABA PRESSO LA BIBLIOTECA COMUNALE DI VERMEZZO (MI)\u2026 QUESTA E\u2019 LA TRACCIA CHE HO SEGUITO \u2026 \u00a0 Bruno Bettelheim ne\u2019 \u201cil mondo incantato\u201d l\u2019aveva previsto : soppiantare\u00a0la FIABA RACCONTATA\u00a0 a beneficio della FAVOLA AUDIO\/VIDEO, avrebbe [&hellip;]<\/p>\n","protected":false},"author":1,"featured_media":0,"parent":0,"menu_order":0,"comment_status":"open","ping_status":"open","template":"","meta":{"footnotes":""},"class_list":["post-37","page","type-page","status-publish","hentry"],"_links":{"self":[{"href":"https:\/\/azzurroticino.it\/index.php?rest_route=\/wp\/v2\/pages\/37","targetHints":{"allow":["GET"]}}],"collection":[{"href":"https:\/\/azzurroticino.it\/index.php?rest_route=\/wp\/v2\/pages"}],"about":[{"href":"https:\/\/azzurroticino.it\/index.php?rest_route=\/wp\/v2\/types\/page"}],"author":[{"embeddable":true,"href":"https:\/\/azzurroticino.it\/index.php?rest_route=\/wp\/v2\/users\/1"}],"replies":[{"embeddable":true,"href":"https:\/\/azzurroticino.it\/index.php?rest_route=%2Fwp%2Fv2%2Fcomments&post=37"}],"version-history":[{"count":6,"href":"https:\/\/azzurroticino.it\/index.php?rest_route=\/wp\/v2\/pages\/37\/revisions"}],"predecessor-version":[{"id":740,"href":"https:\/\/azzurroticino.it\/index.php?rest_route=\/wp\/v2\/pages\/37\/revisions\/740"}],"wp:attachment":[{"href":"https:\/\/azzurroticino.it\/index.php?rest_route=%2Fwp%2Fv2%2Fmedia&parent=37"}],"curies":[{"name":"wp","href":"https:\/\/api.w.org\/{rel}","templated":true}]}}