{"id":34,"date":"2012-01-08T19:26:59","date_gmt":"2012-01-08T18:26:59","guid":{"rendered":"http:\/\/gpademo.it\/ticino\/?page_id=34"},"modified":"2026-04-09T13:52:51","modified_gmt":"2026-04-09T12:52:51","slug":"il-mio-punto-di-vista","status":"publish","type":"page","link":"https:\/\/azzurroticino.it\/?page_id=34","title":{"rendered":"LE MIE RELAZIONI A CONGRESSI E CONVEGNI"},"content":{"rendered":"<p><strong>NELL&#8217;APRILE 2026 HO RELAZIONATO A LEGNANO, SALA DEGLI STEMMI, PALAZZO MALINNVERNI IN TEMA DI INVECCHIAMENTO ATTIVO &#8211; IMPORTANZA DEL RILASSAMENTO AUTOGENO PER MANTENERE AUTONOMIA E QUALITA&#8217; DELLA VITA.<\/strong><\/p>\n\n\n<div class=\"wp-block-file\"><a id=\"wp-block-file--media-db9515ad-edb0-4b4d-bd4a-da4a0076452c\" href=\"https:\/\/azzurroticino.it\/wp-content\/uploads\/2026\/04\/protocollo-training-autogeno-asst.doc\">protocollo training autogeno asst<\/a><a href=\"https:\/\/azzurroticino.it\/wp-content\/uploads\/2026\/04\/protocollo-training-autogeno-asst.doc\" class=\"wp-block-file__button wp-element-button\" download aria-describedby=\"wp-block-file--media-db9515ad-edb0-4b4d-bd4a-da4a0076452c\">Download<\/a><\/div>\n\n\n\n<div class=\"wp-block-file\"><a id=\"wp-block-file--media-729eb5c8-7692-49e1-9a1c-26acfc59041f\" href=\"https:\/\/azzurroticino.it\/wp-content\/uploads\/2026\/04\/IL-TRAINING-AUTOGENO-UN-CONTRIBUTO-PER-LA-SALUTE-FISICA-E-MENTALE.ppt\">IL TRAINING AUTOGENO UN CONTRIBUTO PER LA SALUTE FISICA E MENTALE<\/a><a href=\"https:\/\/azzurroticino.it\/wp-content\/uploads\/2026\/04\/IL-TRAINING-AUTOGENO-UN-CONTRIBUTO-PER-LA-SALUTE-FISICA-E-MENTALE.ppt\" class=\"wp-block-file__button wp-element-button\" download aria-describedby=\"wp-block-file--media-729eb5c8-7692-49e1-9a1c-26acfc59041f\">Download<\/a><\/div>\n\n\n<p><strong>LE CONFESSIONI DI UNO PSICOLOGO PENTITO . . . QUANDO HO INIZIATO A LAVORARE NOI PSICOLOGI FACEVAMO LA FAME . . . MA HO CAPITO SUBITO CHE I DELIRI DEI KOMPAGNI E DEI RADICALI IN TEMA DI PSEUDO DIRITTI CIVILI : IL DIVORZIO FACILE, L&#8217;ABORTO COME SISTEMA DI CONTROLLO DELLE NASCITE, LA DROGA LIBERA, L&#8217;EUTANASIA, LA GRAVIDANZA IN PROVETTA E PER PROCURA . . . INSOMMA LA DESTABILIZZAZIONE DEI FONDAMENTALI DELLA EVOLUZIONE UMANA CI AVREBBERO PROCURATO UN ESERCITO DI CLIENTI . . . ALLA FINE DELLA MIA CARRIERA I COLLEGHI PSICOLOGI NON FANNO PIU&#8217; LA FAME . . . MA IO MI PENTO DI NON AVER FATTO LA MIA PARTE PER DENUNCIARE QUESTA DERIVA PARANOICA . . .\u00a0<\/strong><\/p>\n\n\n<div class=\"wp-block-file\"><a id=\"wp-block-file--media-5a2338f7-0635-4c74-95be-eaba97bdda57\" href=\"https:\/\/azzurroticino.it\/wp-content\/uploads\/2026\/02\/2025-NOVEMBRE-DICEMBRE-I-LUOGHI-COMUNI-DEL-MAIN-STREAM-FACEBOOK.pptx\">MEMORIE DI UNO PSICOLOGO PENTITO :  I LUOGHI COMUNI DEL MAIN STREAM <\/a><a href=\"https:\/\/azzurroticino.it\/wp-content\/uploads\/2026\/02\/2025-NOVEMBRE-DICEMBRE-I-LUOGHI-COMUNI-DEL-MAIN-STREAM-FACEBOOK.pptx\" class=\"wp-block-file__button wp-element-button\" download aria-describedby=\"wp-block-file--media-5a2338f7-0635-4c74-95be-eaba97bdda57\">Download<\/a><\/div>\n\n\n<p><strong>NEL FEBBRAIO 2026 HO RELAZIONATO, IN AMBITO DI AVVIO DEI LAVORI DEL DIPARTIMENTO DISABILITA&#8217; E POLITICHE SOCIALI DI FRATELLI D&#8217;ITALIA DELLA PROVINCIA DI MILANO SUI TEMI DEI SERVIZI SOCIALI PER L&#8217;INSERIMENTO LAVORATIVO DELLE PERSONE CON DISABILITA&#8217;\u00a0<\/strong><\/p>\n\n\n<div class=\"wp-block-file\"><a id=\"wp-block-file--media-f6b520ee-d4e9-4060-9ee8-949d4a421b8f\" href=\"https:\/\/azzurroticino.it\/wp-content\/uploads\/2026\/02\/LE-NUOVE-DISABILITA.pptx\">LE NUOVE DISABILITA&#8217;<\/a><a href=\"https:\/\/azzurroticino.it\/wp-content\/uploads\/2026\/02\/LE-NUOVE-DISABILITA.pptx\" class=\"wp-block-file__button wp-element-button\" download aria-describedby=\"wp-block-file--media-f6b520ee-d4e9-4060-9ee8-949d4a421b8f\">Download<\/a><\/div>\n\n\n<p><strong>NEL NOVEMBRE 2025 UNA LEZIONE AGLI SPECIALISTI AMBULATORIALI DELLA ASST RHODENSE : UNA LETTURA PSICODINAMICA DELLA DIFFICOLTA&#8217; DI RAGGIUNGERE GLI STANDARD ASSEGNATI NEI PROGRAMMI DI SCREENING . . .<\/strong><\/p>\n\n\n<div class=\"wp-block-file\"><a id=\"wp-block-file--media-3d492223-9bbe-4503-b7e7-8cd35e960b2f\" href=\"https:\/\/azzurroticino.it\/wp-content\/uploads\/2026\/02\/SCREENING-E-VACCINAZIONI.docx\">SCREENING E VACCINAZIONI<\/a><a href=\"https:\/\/azzurroticino.it\/wp-content\/uploads\/2026\/02\/SCREENING-E-VACCINAZIONI.docx\" class=\"wp-block-file__button wp-element-button\" download aria-describedby=\"wp-block-file--media-3d492223-9bbe-4503-b7e7-8cd35e960b2f\">Download<\/a><\/div>\n\n\n<p><strong>NEL MARZO 2024 RELAZIONO AI CONSIGLIERI REGIONALI DI FRATELLI D&#8217;ITALIA SOSTENENDO LA TESI CHE E&#8217; NECESSARIO COINVOLGERE LE RSA NELLA GESTIONE DEL CRONICO NELLE PROSPETTIVE DI NUOVA RIFORMA DEL NOSTRO SISTEMA SANITARIO<\/strong><\/p>\n\n\n<div class=\"wp-block-file\"><a id=\"wp-block-file--media-c12fab74-fea9-42b4-a1cb-5508d44ad2b8\" href=\"https:\/\/azzurroticino.it\/wp-content\/uploads\/2026\/02\/2024-PRESA-IN-CARICO-DEL-CRONICO-DIP-WELFARE.pptx\">2024 PRESA IN CARICO DEL CRONICO DIP WELFARE<\/a><a href=\"https:\/\/azzurroticino.it\/wp-content\/uploads\/2026\/02\/2024-PRESA-IN-CARICO-DEL-CRONICO-DIP-WELFARE.pptx\" class=\"wp-block-file__button wp-element-button\" download aria-describedby=\"wp-block-file--media-c12fab74-fea9-42b4-a1cb-5508d44ad2b8\">Download<\/a><\/div>\n\n\n<p><strong>NEL NOVEMBRE 2024 UNA RELAZIONE DELLA DOTT.SSA ANTONIA CARLINO, GINECOLOGA E DIRIGENTE DELLA CISL MEDICI LOMBARDA RIVOLTA AGLI SPECIALISTI AMBULATORIALI DELLA ASST RHODENSE, IN TEMA DI VIOLENZA AI DANNI DEL PERSONALE SANITARIO<\/strong><\/p>\n\n\n<div class=\"wp-block-file\"><a href=\"blob:https:\/\/azzurroticino.it\/a0b0f0a2-fcea-4fc2-a0a6-b5b2de70ab9c\">RELAZIONE DELLA DOTTORESSA CARLINO<\/a><a href=\"blob:https:\/\/azzurroticino.it\/a0b0f0a2-fcea-4fc2-a0a6-b5b2de70ab9c\" class=\"wp-block-file__button wp-element-button\" download>Download<\/a><\/div>\n\n\n<p><strong>NEL NOVEMBRE 2024 UNA MIA LEZIONE AGLI SPECIALISTI AMBULATORIALI DELLA ASST RHODENSE IN TEMA DI PREVENZIONE DEGLI AGITI DI VIOLENZA VERSO IL PERSONALE SANITARIO<\/strong><\/p>\n\n\n<div class=\"wp-block-file\"><a href=\"https:\/\/azzurroticino.it\/wp-content\/uploads\/2024\/11\/AFT-SPECIALISTI-RHODENSE-2024-REGOLE-FORMALI-NELLE-RELAZIONI-DI-CURA.pptx\">RELAZIONE ANGELO GARAVAGLIA <\/a><a href=\"https:\/\/azzurroticino.it\/wp-content\/uploads\/2024\/11\/AFT-SPECIALISTI-RHODENSE-2024-REGOLE-FORMALI-NELLE-RELAZIONI-DI-CURA.pptx\" class=\"wp-block-file__button wp-element-button\" download>Download<\/a><\/div>\n\n\n<p><strong>30 GIUGNO 2023 &#8211; VILLA MIRABELLO MILANO &#8211; CISL MEDICI SANITA&#8217; LOMBARDA : ATTUALITA&#8217; E PROSPETTIVE &#8211; COMUNICAZIONE DAL TITOLO &#8221; IL DISTRETTO SOCIO SANITARIO : QUALI OPPORTUNITA&#8217; E CRITICITA'&#8221; <\/strong><\/p>\n\n\n<div class=\"wp-block-file\"><a href=\"http:\/\/azzurroticino.it\/wp-content\/uploads\/2023\/09\/DISTRETTI.pptx\"><br><br>DISTRETTI<\/a><a href=\"http:\/\/azzurroticino.it\/wp-content\/uploads\/2023\/09\/DISTRETTI.pptx\" class=\"wp-block-file__button wp-element-button\" download>Download<\/a><\/div>\n\n\n<address>\u00a0<\/address>\n<address>\u00a0<\/address>\n<address><strong>HO RELAZIONATO MARTEDI&#8217; 10 E LUNEDI&#8217; 16 DICEMBRE 2019, AGLI SPECIALISTI AMBULATORIALI DELLA ASST RHODENSE SULLA DGR 2019\/19 SULLA STRUTTURA DEI PRESST NELL&#8217;ORGANIZZAZIONE SANITARIA LOMBARDA<\/strong><\/address>\n<address>\u00a0<\/address>\n<address><a href=\"http:\/\/azzurroticino.it\/wp-content\/uploads\/2019\/12\/FRONTESPIZIO-ORGANIZZAZIONE-DEI-PRESST.jpg\"><img fetchpriority=\"high\" decoding=\"async\" class=\"alignnone  wp-image-378\" src=\"http:\/\/azzurroticino.it\/wp-content\/uploads\/2019\/12\/FRONTESPIZIO-ORGANIZZAZIONE-DEI-PRESST.jpg\" alt=\"\" width=\"445\" height=\"311\" srcset=\"https:\/\/azzurroticino.it\/wp-content\/uploads\/2019\/12\/FRONTESPIZIO-ORGANIZZAZIONE-DEI-PRESST.jpg 600w, https:\/\/azzurroticino.it\/wp-content\/uploads\/2019\/12\/FRONTESPIZIO-ORGANIZZAZIONE-DEI-PRESST-300x210.jpg 300w\" sizes=\"(max-width: 445px) 100vw, 445px\" \/><\/a><\/address>\n<address>\u00a0<\/address>\n<address><strong>HO RELAZIONATO VENERDI&#8217; 12 MAGGIO 2019 ALLA BIBLIOTECA CIVICA DI ALBA<\/strong><\/address>\n<address><strong>SULL&#8217;UTILIZZO DELLE FIABE DI ITALO CALVINO PER CURARE I NOSTRI BAMBINI<\/strong><\/address>\n<address>\u00a0<\/address>\n<address><a href=\"http:\/\/azzurroticino.it\/wp-content\/uploads\/2019\/12\/FRONTESPIZIO-LA-FIABA-CHE-CURA.jpg\"><img decoding=\"async\" class=\"alignnone  wp-image-377\" src=\"http:\/\/azzurroticino.it\/wp-content\/uploads\/2019\/12\/FRONTESPIZIO-LA-FIABA-CHE-CURA.jpg\" alt=\"\" width=\"415\" height=\"291\" srcset=\"https:\/\/azzurroticino.it\/wp-content\/uploads\/2019\/12\/FRONTESPIZIO-LA-FIABA-CHE-CURA.jpg 600w, https:\/\/azzurroticino.it\/wp-content\/uploads\/2019\/12\/FRONTESPIZIO-LA-FIABA-CHE-CURA-300x210.jpg 300w\" sizes=\"(max-width: 415px) 100vw, 415px\" \/><\/a><\/address>\n<address>\u00a0<\/address>\n<address>HO RELAZIONATO MERCOLEDI&#8217; 23 SETTEMBRE 2015<\/address>\n<address>\u00a0<\/address>\n<address><a href=\"http:\/\/azzurroticino.it\/wp-content\/uploads\/2012\/01\/IL-TAVOLO-DEI-RELATORI.jpg\"><img decoding=\"async\" class=\"alignnone wp-image-293\" src=\"http:\/\/azzurroticino.it\/wp-content\/uploads\/2012\/01\/IL-TAVOLO-DEI-RELATORI.jpg\" alt=\"IL TAVOLO DEI RELATORI\" width=\"419\" height=\"314\" srcset=\"https:\/\/azzurroticino.it\/wp-content\/uploads\/2012\/01\/IL-TAVOLO-DEI-RELATORI.jpg 800w, https:\/\/azzurroticino.it\/wp-content\/uploads\/2012\/01\/IL-TAVOLO-DEI-RELATORI-300x225.jpg 300w\" sizes=\"(max-width: 419px) 100vw, 419px\" \/><\/a><\/address>\n<address>\u00a0<\/address>\n<address>Lo scorso 23 settembre, presso la Sala Vitali del Credito Valtellinese, in occasione della Giornata Mondiale contro l\u2019Alzheimer voluta dall\u2019ONU, i LIONS di Valtellina e Valchiavenna con la collaborazione dell\u2019Associazione Alzheimer e demenze della Provincia di Sondrio hanno organizzato il convegno \u201cAlzheimer ieri e oggi\u201dE\u2019 stata in particolare l\u2019occasione per presentare la ristampa dell\u2019opuscolo \u201cLa malattia di Alzheimer\u201d, aggiornato a 4 mani dai dottori Giuseppina Montecalvo e Paolo Proh che non dovrebbe mancare nelle case dei care givers dei nostri malati.<\/p>\n<p>E\u2019 stata anche l\u2019occasione per fare il punto sui numeri della malattia nelle nostre valli : calcoliamo 3.700 persone affetti da una qualche forma di demenza e 2.200 persone con malattia di Alzheimer.<\/p>\n<p>Come per tutte le malattie cronico degenerative per cui non esiste una cura risolutiva, la principale risorsa per farvi fronte \u00e8 l\u2019amore, la vicinanza, la disponibilit\u00e0 dei famigliari e la prima preoccupazione della comunit\u00e0 scientifica \u00e8 di dare informazione, supporto, solidariet\u00e0. . . Dobbiamo tuttavia essere tempestivi, quando la severit\u00e0 assistenziale del malato comincia a mettere a dura prova la tenuta anche fisica dei famigliari a consigliare di affidare il malato, prima per qualche ora, poi integralmente, ai servizi specialistici. E quali sono questi servizi?<\/p>\n<p>Innanzitutto la RSA APERTA : (servizi prevalentemente domiciliari ). Nel 2014 abbiamo raggiunto 26 utenti con 7 erogatori Nei primi mesi del 2015 siamo gi\u00e0 a 74 utenti con 6 erogatori<\/p>\n<p>Quindi RESIDENZIALITA\u2019 LEGGERA : 80 posti letto e, nella formula di RESIDENZIALITA\u2019 PROTETTA : 25 posti letto con il contributo regionale di 12 euro al giorno per 300 minuti di assistenza e 25 euro al giorno per 500 minuti di assistenza. Nel 2014 sono stati accolti 4 utenti, nel 2015 siamo gi\u00e0 a 30 utenti.<\/p>\n<p>Nella acutizzazione dei sintomi, oltre ai servizi ospedalieri, su indicazione del proprio medico di medicina generale \u00e8 possibile accogliere il paziente nei 28 posti letto di CURE INTERMEDIE.<\/p>\n<p>Fino ad arrivare ai 71 posti letto nei 5 CENTRI DIURNI INTEGRATI<\/p>\n<p>E infine i 1.478 posti letto nelle 18 CASE DI RIPOSO di cui 18 collocati nel NUCLEO DEDICATO ALZHEIMER della RSA di Sondrio.<\/p>\n<p>Rammentiamo che l\u2019orizzonte principale della recente riforma del sistema sanitario lombardo contenuto nella Legge Regionale 23 del 15 agosto 2015 \u00e8 proprio quello di arrivare a prendere per mano e accompagnare la famiglia che ha al proprio interno una persona fragile a curare al domicilio il proprio congiunto o scegliere il servizio pi\u00f9 appropriato, impegnando in questa fondamentale trasformazione tutto il sistema, avendo come protagonista insostituibile il medico di medicina generale.<\/p>\n<\/address>\n<address>HO RELAZIONATO SABATO 1 MARZO 2014 AL CORSO :<\/address>\n<address><img loading=\"lazy\" decoding=\"async\" class=\"alignnone size-full wp-image-210\" src=\"http:\/\/azzurroticino.it\/wp-content\/uploads\/2012\/01\/dpp1.jpg\" alt=\"dpp1\" width=\"405\" height=\"304\" srcset=\"https:\/\/azzurroticino.it\/wp-content\/uploads\/2012\/01\/dpp1.jpg 405w, https:\/\/azzurroticino.it\/wp-content\/uploads\/2012\/01\/dpp1-300x225.jpg 300w\" sizes=\"(max-width: 405px) 100vw, 405px\" \/><\/address>\n<address>CON UN INTERVENTO SUI CONTENUTI DI UN RECENTE STUDIO CHE HA COINVOLTO I PEDIATRI DELLA NOSTRA ASL CHE HANNO SOMMINISTRATO IL QUESTIONARIO DI EDIMBURDO A PIU&#8217; DI 2000 MAMME E A OLTRE 1500 PAPA&#8217; DEI NUOVI NATI NEL PRIMO SEMESTRE 2012.<\/address>\n<address>\u00a0<\/address>\n<address>NE SONO EMERSI I FATTORI PREDISPONENTI AL DEPRESSIONE POST PARTUM\u00a0<\/address>\n<address>\u00a0<\/address>\n<address><a href=\"http:\/\/azzurroticino.it\/wp-content\/uploads\/2012\/01\/dpp5.jpg\"><img loading=\"lazy\" decoding=\"async\" class=\"alignnone size-full wp-image-211\" src=\"http:\/\/azzurroticino.it\/wp-content\/uploads\/2012\/01\/dpp5.jpg\" alt=\"dpp5\" width=\"405\" height=\"304\" srcset=\"https:\/\/azzurroticino.it\/wp-content\/uploads\/2012\/01\/dpp5.jpg 405w, https:\/\/azzurroticino.it\/wp-content\/uploads\/2012\/01\/dpp5-300x225.jpg 300w\" sizes=\"(max-width: 405px) 100vw, 405px\" \/><\/a><img loading=\"lazy\" decoding=\"async\" class=\"alignnone size-full wp-image-212\" src=\"http:\/\/azzurroticino.it\/wp-content\/uploads\/2012\/01\/dpp7.jpg\" alt=\"dpp7\" width=\"405\" height=\"304\" srcset=\"https:\/\/azzurroticino.it\/wp-content\/uploads\/2012\/01\/dpp7.jpg 405w, https:\/\/azzurroticino.it\/wp-content\/uploads\/2012\/01\/dpp7-300x225.jpg 300w\" sizes=\"(max-width: 405px) 100vw, 405px\" \/><\/address>\n<address>\u00a0<\/address>\n<address>\u00a0<\/address>\n<address>HO RELAZIONATO il 16 NOVEMBRE 2013\u00a0E\u00a020 GENNAIO 2014\u00a0AL CORSO &#8220;LA GRAVIDANZA MULTICULTURALE, NUOVA REALTA&#8217; FRA CLINICA E TERRITORIO&#8221; con un intervento illustrativo dei dati sociodemografici e della richiesta di servizi presso i consultori del distretto sanitario n\u00b0 1 di Garbagnate.<\/address>\n<address>L&#8217;auspicio \u00e8 che questo appuntamento sia un passo ulteriore verso la creazione di una rete di servizi (medico di medicina generale, reparto di ostetricia dell&#8217;ospedale di Garbagnate, consultori familiari accreditati, volontariato . . . ) che consenta\u00a0a tutte le donne residenti UN PERCORSO NASCITA A CHILOMETRO ZERO . . .\u00a0\u00a0<\/address>\n<address>\u00a0<\/address>\n<address>\u00a0<a href=\"http:\/\/azzurroticino.it\/wp-content\/uploads\/2012\/01\/GRAVIDANZA-11.jpg\"><img loading=\"lazy\" decoding=\"async\" class=\"alignnone size-full wp-image-179\" src=\"http:\/\/azzurroticino.it\/wp-content\/uploads\/2012\/01\/GRAVIDANZA-11.jpg\" alt=\"GRAVIDANZA 1\" width=\"500\" height=\"350\" srcset=\"https:\/\/azzurroticino.it\/wp-content\/uploads\/2012\/01\/GRAVIDANZA-11.jpg 500w, https:\/\/azzurroticino.it\/wp-content\/uploads\/2012\/01\/GRAVIDANZA-11-300x210.jpg 300w\" sizes=\"(max-width: 500px) 100vw, 500px\" \/><\/a><a href=\"http:\/\/azzurroticino.it\/wp-content\/uploads\/2012\/01\/GRAVIDANZA-21.jpg\"><img loading=\"lazy\" decoding=\"async\" class=\"alignnone size-full wp-image-181\" src=\"http:\/\/azzurroticino.it\/wp-content\/uploads\/2012\/01\/GRAVIDANZA-21.jpg\" alt=\"GRAVIDANZA 2\" width=\"500\" height=\"354\" srcset=\"https:\/\/azzurroticino.it\/wp-content\/uploads\/2012\/01\/GRAVIDANZA-21.jpg 500w, https:\/\/azzurroticino.it\/wp-content\/uploads\/2012\/01\/GRAVIDANZA-21-300x212.jpg 300w\" sizes=\"(max-width: 500px) 100vw, 500px\" \/><\/a><a href=\"http:\/\/azzurroticino.it\/wp-content\/uploads\/2012\/01\/GRAVIDANZA-31.jpg\"><img loading=\"lazy\" decoding=\"async\" class=\"alignnone size-full wp-image-182\" src=\"http:\/\/azzurroticino.it\/wp-content\/uploads\/2012\/01\/GRAVIDANZA-31.jpg\" alt=\"GRAVIDANZA 3\" width=\"500\" height=\"352\" srcset=\"https:\/\/azzurroticino.it\/wp-content\/uploads\/2012\/01\/GRAVIDANZA-31.jpg 500w, https:\/\/azzurroticino.it\/wp-content\/uploads\/2012\/01\/GRAVIDANZA-31-300x211.jpg 300w\" sizes=\"(max-width: 500px) 100vw, 500px\" \/><\/a><a href=\"http:\/\/azzurroticino.it\/wp-content\/uploads\/2012\/01\/GRAVIDANZA-41.jpg\"><img loading=\"lazy\" decoding=\"async\" class=\"alignnone size-full wp-image-183\" src=\"http:\/\/azzurroticino.it\/wp-content\/uploads\/2012\/01\/GRAVIDANZA-41.jpg\" alt=\"GRAVIDANZA 4\" width=\"500\" height=\"352\" srcset=\"https:\/\/azzurroticino.it\/wp-content\/uploads\/2012\/01\/GRAVIDANZA-41.jpg 500w, https:\/\/azzurroticino.it\/wp-content\/uploads\/2012\/01\/GRAVIDANZA-41-300x211.jpg 300w\" sizes=\"(max-width: 500px) 100vw, 500px\" \/><\/a><a href=\"http:\/\/azzurroticino.it\/wp-content\/uploads\/2012\/01\/GRAVIDANZA-51.jpg\"><img loading=\"lazy\" decoding=\"async\" class=\"alignnone size-full wp-image-184\" src=\"http:\/\/azzurroticino.it\/wp-content\/uploads\/2012\/01\/GRAVIDANZA-51.jpg\" alt=\"GRAVIDANZA 5\" width=\"500\" height=\"355\" srcset=\"https:\/\/azzurroticino.it\/wp-content\/uploads\/2012\/01\/GRAVIDANZA-51.jpg 500w, https:\/\/azzurroticino.it\/wp-content\/uploads\/2012\/01\/GRAVIDANZA-51-300x213.jpg 300w\" sizes=\"(max-width: 500px) 100vw, 500px\" \/><\/a><a href=\"http:\/\/azzurroticino.it\/wp-content\/uploads\/2012\/01\/GRAVIDANZA-61.jpg\"><img loading=\"lazy\" decoding=\"async\" class=\"alignnone size-full wp-image-185\" src=\"http:\/\/azzurroticino.it\/wp-content\/uploads\/2012\/01\/GRAVIDANZA-61.jpg\" alt=\"GRAVIDANZA 6\" width=\"500\" height=\"353\" srcset=\"https:\/\/azzurroticino.it\/wp-content\/uploads\/2012\/01\/GRAVIDANZA-61.jpg 500w, https:\/\/azzurroticino.it\/wp-content\/uploads\/2012\/01\/GRAVIDANZA-61-300x211.jpg 300w\" sizes=\"(max-width: 500px) 100vw, 500px\" \/><\/a><a href=\"http:\/\/azzurroticino.it\/wp-content\/uploads\/2012\/01\/GRAVIDANZA-71.jpg\"><img loading=\"lazy\" decoding=\"async\" class=\"alignnone size-full wp-image-186\" src=\"http:\/\/azzurroticino.it\/wp-content\/uploads\/2012\/01\/GRAVIDANZA-71.jpg\" alt=\"GRAVIDANZA 7\" width=\"500\" height=\"353\" srcset=\"https:\/\/azzurroticino.it\/wp-content\/uploads\/2012\/01\/GRAVIDANZA-71.jpg 500w, https:\/\/azzurroticino.it\/wp-content\/uploads\/2012\/01\/GRAVIDANZA-71-300x211.jpg 300w\" sizes=\"(max-width: 500px) 100vw, 500px\" \/><\/a><a href=\"http:\/\/azzurroticino.it\/wp-content\/uploads\/2012\/01\/GRAVIDANZA-81.jpg\"><img loading=\"lazy\" decoding=\"async\" class=\"alignnone size-full wp-image-187\" src=\"http:\/\/azzurroticino.it\/wp-content\/uploads\/2012\/01\/GRAVIDANZA-81.jpg\" alt=\"GRAVIDANZA 8\" width=\"500\" height=\"352\" srcset=\"https:\/\/azzurroticino.it\/wp-content\/uploads\/2012\/01\/GRAVIDANZA-81.jpg 500w, https:\/\/azzurroticino.it\/wp-content\/uploads\/2012\/01\/GRAVIDANZA-81-300x211.jpg 300w\" sizes=\"(max-width: 500px) 100vw, 500px\" \/><\/a><a href=\"http:\/\/azzurroticino.it\/wp-content\/uploads\/2012\/01\/GRAVIDANZA-91.jpg\"><img loading=\"lazy\" decoding=\"async\" class=\"alignnone size-full wp-image-188\" src=\"http:\/\/azzurroticino.it\/wp-content\/uploads\/2012\/01\/GRAVIDANZA-91.jpg\" alt=\"GRAVIDANZA 9\" width=\"500\" height=\"353\" srcset=\"https:\/\/azzurroticino.it\/wp-content\/uploads\/2012\/01\/GRAVIDANZA-91.jpg 500w, https:\/\/azzurroticino.it\/wp-content\/uploads\/2012\/01\/GRAVIDANZA-91-300x211.jpg 300w\" sizes=\"(max-width: 500px) 100vw, 500px\" \/><\/a><\/address>\n<address>\u00a0<\/address>\n<address>\u00a0<\/address>\n\n\n<p><\/p>\n","protected":false},"excerpt":{"rendered":"<p>NELL&#8217;APRILE 2026 HO RELAZIONATO A LEGNANO, SALA DEGLI STEMMI, PALAZZO MALINNVERNI IN TEMA DI INVECCHIAMENTO ATTIVO &#8211; IMPORTANZA DEL RILASSAMENTO AUTOGENO PER MANTENERE AUTONOMIA E QUALITA&#8217; DELLA VITA. LE CONFESSIONI DI UNO PSICOLOGO PENTITO . . . QUANDO HO INIZIATO A LAVORARE NOI PSICOLOGI FACEVAMO LA FAME . . . MA HO CAPITO SUBITO CHE [&hellip;]<\/p>\n","protected":false},"author":1,"featured_media":293,"parent":0,"menu_order":0,"comment_status":"open","ping_status":"open","template":"","meta":{"footnotes":""},"class_list":["post-34","page","type-page","status-publish","has-post-thumbnail","hentry"],"_links":{"self":[{"href":"https:\/\/azzurroticino.it\/index.php?rest_route=\/wp\/v2\/pages\/34","targetHints":{"allow":["GET"]}}],"collection":[{"href":"https:\/\/azzurroticino.it\/index.php?rest_route=\/wp\/v2\/pages"}],"about":[{"href":"https:\/\/azzurroticino.it\/index.php?rest_route=\/wp\/v2\/types\/page"}],"author":[{"embeddable":true,"href":"https:\/\/azzurroticino.it\/index.php?rest_route=\/wp\/v2\/users\/1"}],"replies":[{"embeddable":true,"href":"https:\/\/azzurroticino.it\/index.php?rest_route=%2Fwp%2Fv2%2Fcomments&post=34"}],"version-history":[{"count":21,"href":"https:\/\/azzurroticino.it\/index.php?rest_route=\/wp\/v2\/pages\/34\/revisions"}],"predecessor-version":[{"id":798,"href":"https:\/\/azzurroticino.it\/index.php?rest_route=\/wp\/v2\/pages\/34\/revisions\/798"}],"wp:featuredmedia":[{"embeddable":true,"href":"https:\/\/azzurroticino.it\/index.php?rest_route=\/wp\/v2\/media\/293"}],"wp:attachment":[{"href":"https:\/\/azzurroticino.it\/index.php?rest_route=%2Fwp%2Fv2%2Fmedia&parent=34"}],"curies":[{"name":"wp","href":"https:\/\/api.w.org\/{rel}","templated":true}]}}