{"id":24,"date":"2012-01-08T19:24:32","date_gmt":"2012-01-08T18:24:32","guid":{"rendered":"http:\/\/gpademo.it\/ticino\/?page_id=24"},"modified":"2024-11-25T15:15:10","modified_gmt":"2024-11-25T14:15:10","slug":"psicologia-del-volo","status":"publish","type":"page","link":"https:\/\/azzurroticino.it\/?page_id=24","title":{"rendered":"PSICOLOGIA DEL VOLO : PER CAPIRE I RISULTATI DEI QUESTIONARI DI VOLO"},"content":{"rendered":"<h3 style=\"text-align: justify;\"><span style=\"color: #000080;\">CARO PILOTA,<\/span><\/h3>\n<p style=\"text-align: justify;\"><span style=\"color: #000080;\">SE HAI COMPILATO CORRETTAMENTE I TUOI QUESTIONARI,&nbsp; ALLA FINE TI SARA&#8217;&nbsp; USCITO IL TUO RISULTATO NUMERICO . . .<\/span><\/p>\n<p style=\"text-align: justify;\"><span style=\"font-family: Arial; color: #000080;\">L&#8217;oggetto della nostra riflessione psicologica ad orientamento psicanalitico \u00e8 LA NEVROSI : nel nostro caso LA NEVROSI IN PILOTI DI VOLO LIBERO BREVETTATI. <\/span><span style=\"font-family: Arial; color: #000080;\">L&#8217;esito della nevrosi \u00e8 sempre (vicina o lontana) LA MORTE.<\/span><\/p>\n<p style=\"text-align: justify;\"><span style=\"font-family: Arial; color: #000080;\">Nel nostro caso si tratta non gi\u00e0 di morte DEL pilota, ma morte della funzione DI pilota : nel senso che il pilota ABBANDONA la pratica vololiberistica<\/span><span style=\"font-family: Arial; color: #000080;\">&#8230; L&#8217;abbandono \u00e8 sempre un MALE :<\/span><\/p>\n<p><span style=\"font-family: Arial; color: #000080;\">&#8211;&nbsp; sia per il pilota : perch\u00e8 perde gli effetti curativi del volo.<\/span><\/p>\n<p><span style=\"font-family: Arial; color: #000080;\">&#8211;&nbsp; sia per il mondo del volo in generale perch\u00e8 perde un proprio affiliato (il suo entusiasmo, le sue esperienze &#8230; e anche i suoi \u20ac\u20ac\u20ac\u20ac).<\/span><\/p>\n<p><span style=\"color: #000080;\"><span style=\"font-family: Arial;\">Una volta compilati i questionari, ogni pilota ha il proprio &#8220;ritorno&#8221; : gli viene detto A CHE PUNTO E&#8217; L&#8217;EVOLUZIONE DELLA SUA NEVROSI DA VOLO : pi\u00f9 \u00e8 alto il punteggio totalizzato, pi\u00f9 \u00e8 vicino l&#8217;abbandono&#8230;<\/span><\/span><\/p>\n<p><span style=\"font-family: Arial; color: #000080;\">Le risposte sono organizzate in 4 classi&nbsp;in funzione del punteggio totalizzato :<\/span><\/p>\n<p><span style=\"color: #000080;\">&nbsp;1) TOP PILOT&nbsp;(DA 0 A 44 PUNTI) : livello molto basso di nevrosi da volo, quindi lunga aspettativa di vita vololiberistica.&nbsp;<\/span><\/p>\n<p><span style=\"color: #000080;\">&nbsp;2) PRIME SMAGLIATURE (DA 45 A 55 PUNTI) : livello basso di nevrosi da volo.<\/span><\/p>\n<p><span style=\"color: #000080;\">&nbsp;3) IL VOLO NON E&#8217; TUTTO (DA 56 A 67 PUNTI): livello medio di nevrosi da volo, per evitare di ammalarsi \u00e8 meglio farsi vedere&#8230; PREVENIRE E&#8217; MEGLIO CHE CURARE !!!<\/span><\/p>\n<p><span style=\"color: #000080;\">&nbsp;4) ADDIO ALLE ARMI (OLTRE 68 PUNTI): nevrosi da volo sintomatica, il pilota o ha gi\u00e0 abbandonato o \u00e8 molto vicino all&#8217;abbandono<\/span><\/p>\n<p><span style=\"color: #000080;\"><span style=\"font-family: Arial;\">Come detto, l&#8217;assegnazione a questa o quella classe \u00e8 determinata dal punteggio totalizzato nei questionari :<\/span><\/span><\/p>\n<p><span style=\"font-family: Arial; color: #000080;\">Il questionario caratterizzante e specifico \u00e8 il&nbsp;&#8220;fly mental healt questionnaire&#8221;.<\/span><\/p>\n<p><span style=\"font-family: Arial; color: #000080;\">Gli altri test hanno valenza di controllo (disegno dell&#8217;albero, test dei colori)<\/span><\/p>\n<p><span style=\"font-family: Arial; color: #000080;\">&nbsp;<\/span><span style=\"font-family: Arial; color: #000080;\">Dall&#8217;analisi dei primi&nbsp;180&nbsp;questionari POSSIAMO ESCLUDERE LA CORRELAZIONE FRA NEVROSI DA VOLO E :<\/span><\/p>\n<p><span style=\"font-family: Arial; color: #000080;\">&#8211; et\u00e0 anagrafica del pilota<\/span><\/p>\n<p><span style=\"font-family: Arial; color: #000080;\">&#8211; anzianit\u00e0 di brevetto<\/span><\/p>\n<p><span style=\"font-family: Arial; color: #000080;\">&#8211; autopercezione del livello di sicurezza :&nbsp;<span style=\"font-size: x-small;\">VI RICORDATE IL GRAFICO DELLA SICUREZZA? EBBENE, SAPPIATE CHE I TOP PILOT PERCEPISCONO DI VOLARE PIU&#8217; IN SICUREZZA RISPETTO AI PILOTI CHE (COME PILOTI) HANNO UN PIEDE NELLA FOSSA (ADDIO ALLE ARMI) E CHE QUINDI VOLANO CON IL CORDONE OMBELICALE ALL&#8217;ATTERRAGGIO &#8230;<\/span><\/span><\/p>\n<p><span style=\"color: #000080;\"><span style=\"font-family: Arial; font-size: x-small;\">&nbsp;<\/span><strong>&#8211;&nbsp;<\/strong><span style=\"font-family: Arial;\">il dato della &#8220;maniacalit\u00e0&#8221; nel &#8220;fly mental&#8221; :&nbsp;<span style=\"font-size: x-small;\">A QUESTO PROPOSITO VALE LA PENA DI APRIRE UNA PARENTESI PER GLI SPECIALISTI, PERCHE&#8217; DA QUESTO DATO PARTIREMO PER UNA RICERCA SPECIFICA SULLA CONNESSIONE FRA VOLO LIBERO E CURA DELLA DEPRESSIONE; SEMBRA INFATTI, DALL&#8217; INVARIANZA CONTENUTA IN QUESTO DATO, CHE IL VOLO LIBERO DETERMINI UNA STABILIZZAZIONE DELLA PRODUZIONE DI ADRENALINA. <\/span><\/span><\/span><span style=\"font-family: Arial; color: #000080; font-size: x-small;\">DAI RISCONTRI EMATICI CHE ABBIAMO PROGRAMMATO, CERCHEREMO DI VERIFICARE SE LA STABILIZZAZIONE E&#8217; RISCONTRABILE ANCHE SULLA PRODUZIONE DI ADRENALINA.<\/span><\/p>\n<p><span style=\"font-family: Arial; color: #000080;\">Come tutte le cose che non c&#8217;erano prima e adesso ci sono, anche la nevrosi di volo finora \u00e8 stata studiata pi\u00f9 per analogia con altre nevrosi simili che come fatto peculiare, con proprie caratteristiche e con propri tempi e modi di evoluzione.<\/span><\/p>\n<p><span style=\"font-family: Arial; color: #000080;\">Fino a ieri su questi temi disponevamo soltanto di teorie &#8230; <\/span><span style=\"font-family: Arial; color: #000080;\">Adesso cominciamo ad avere del materiale sperimentale &#8230;<\/span><\/p>\n<p><span style=\"font-family: Arial; color: #000080;\">Per cominciare ad avere&nbsp;dei risultati&nbsp;veramente &#8220;attendibili&#8221; dobbiamo arrivare almeno&nbsp;250 questionari completi <\/span><\/p>\n<p><span style=\"font-family: Arial; color: #000080;\">Ce la faremo?<\/span><\/p>\n","protected":false},"excerpt":{"rendered":"<p>CARO PILOTA, SE HAI COMPILATO CORRETTAMENTE I TUOI QUESTIONARI,&nbsp; ALLA FINE TI SARA&#8217;&nbsp; USCITO IL TUO RISULTATO NUMERICO . . . L&#8217;oggetto della nostra riflessione psicologica ad orientamento psicanalitico \u00e8 LA NEVROSI : nel nostro caso LA NEVROSI IN PILOTI DI VOLO LIBERO BREVETTATI. L&#8217;esito della nevrosi \u00e8 sempre (vicina o lontana) LA MORTE. Nel [&hellip;]<\/p>\n","protected":false},"author":1,"featured_media":0,"parent":0,"menu_order":0,"comment_status":"open","ping_status":"open","template":"","meta":{"footnotes":""},"class_list":["post-24","page","type-page","status-publish","hentry"],"_links":{"self":[{"href":"https:\/\/azzurroticino.it\/index.php?rest_route=\/wp\/v2\/pages\/24","targetHints":{"allow":["GET"]}}],"collection":[{"href":"https:\/\/azzurroticino.it\/index.php?rest_route=\/wp\/v2\/pages"}],"about":[{"href":"https:\/\/azzurroticino.it\/index.php?rest_route=\/wp\/v2\/types\/page"}],"author":[{"embeddable":true,"href":"https:\/\/azzurroticino.it\/index.php?rest_route=\/wp\/v2\/users\/1"}],"replies":[{"embeddable":true,"href":"https:\/\/azzurroticino.it\/index.php?rest_route=%2Fwp%2Fv2%2Fcomments&post=24"}],"version-history":[{"count":20,"href":"https:\/\/azzurroticino.it\/index.php?rest_route=\/wp\/v2\/pages\/24\/revisions"}],"predecessor-version":[{"id":757,"href":"https:\/\/azzurroticino.it\/index.php?rest_route=\/wp\/v2\/pages\/24\/revisions\/757"}],"wp:attachment":[{"href":"https:\/\/azzurroticino.it\/index.php?rest_route=%2Fwp%2Fv2%2Fmedia&parent=24"}],"curies":[{"name":"wp","href":"https:\/\/api.w.org\/{rel}","templated":true}]}}