{"id":234,"date":"2015-04-23T16:21:57","date_gmt":"2015-04-23T15:21:57","guid":{"rendered":"http:\/\/azzurroticino.it\/?page_id=234"},"modified":"2024-11-25T15:14:01","modified_gmt":"2024-11-25T14:14:01","slug":"il-volo-come-cura-della-depressione-endogena","status":"publish","type":"page","link":"https:\/\/azzurroticino.it\/?page_id=234","title":{"rendered":"PSICOLOGIA DEL VOLO : IL VOLO COME CURA DELLA DEPRESSIONE ENDOGENA"},"content":{"rendered":"<p><strong><em>. . . DOVE SONO ARRIVATO NEL MIO&nbsp;STUDIO SULLA PSICOLOGIA DEL VOLO&nbsp;&nbsp; (aprile 2015)<\/em><\/strong><\/p>\n<p><em>Mercoled\u00ec 22 aprile ero a volare al Cornizzolo.<\/em><\/p>\n<p><em>Ho volato per tutto l\u2019inverno a Sondrio, portando in volo decine di passeggeri valtellinesi . . .<\/em><\/p>\n<p><em>In questi giorni sono ritornato a frequentare il mio classico sito di volo. . .&nbsp; <\/em><em>Anche perch\u00e9 inaspettatamente in questi giorni in valle sembra estate, per cui la BREVA la fa da padrona: vento di valle mediamente intorno ai 25 km orari che, oltre a rendere difficoltosa la perdita di quota, rischia di farti atterrare all\u2019indietro . . .<\/em><\/p>\n<p><em>Dicevo che ero al Cornizzolo, e un amico parapendista che aveva seguito i miei studi mi chiede a che punto sono . . .<\/em><\/p>\n<p><em>&nbsp;<\/em><em>E&nbsp;io a spiegargli che, all\u2019inizio il focus della mia attenzione era di mettere a punto un questionario predittivo dell\u2019 ASPETTATIVA DI VITA VOLATORIA DEI CULTORI DEL PARAPENDIO . . .<\/em><\/p>\n<p><em>Ma mentre mettevo a punto e testavo il questionario, rileggendo gli esiti soprattutto della parte esplorativa dei fantasmi, mi sono imbattuto in piste di ricerca che andavano aldil\u00e0 della disciplina sportiva del parapendio, ma aprivano la strada a spiegare il complesso rapporto tra l\u2019essere umano e IL VOLO : soprattutto trovare la chiave per capire cosa sta dietro al RIFIUTO DEL VOLO.<\/em><em>&nbsp;<\/em><\/p>\n<p><em>Certo, per provare sperimentalmente le intuizioni che lo studio fin qui condotto mi hanno indicato, ancora ne corre . . .<\/em><\/p>\n<p><em>D\u2019altra parte, siccome per guadagnare la pagnotta devo fare il mio lavoro, non ho molto tempo e molto denaro da investire in questo studio . . . che continuo a fare a tempo perso . . .<\/em><\/p>\n<p><em>I riscontri sperimentali che fin qui ho collezionato mi hanno confermato alcuni punti fermi che elenco :<\/em><\/p>\n<ul>\n<li><i><em>Vediamo corpi che volano (con qualsiasi mezzo dal semplice parapendio al pi\u00f9 sofisticato jet . . . Ma quello che succede nella mente \u00e8 il rinovellarsi della NASCITA : quando decidiamo di volare, riattiviamo la sequenza immaginaria \u2013 emotiva e ormonale che ciascuno di noi ha vissuto quando si \u00e8 trattato di venire al mondo . . . <\/em><\/i><\/li>\n<\/ul>\n<ul>\n<li><em>E quando siamo nati, per la maggior parte di noi le cose sono andate per il verso giusto : abbiamo sofferto ma alla fine ci siamo trovati davanti al seno e al faccione della nostra mamma e al cospetto della magnificenza del creato . . . e abbiamo fatto la pace con madre natura . . .<\/em><\/li>\n<\/ul>\n<ul>\n<li><em>Per qualcuno \u00e8 andata proprio male : ed \u00e8 passato dal liquido amniotico alle porte del paradiso<\/em><\/li>\n<\/ul>\n<ul>\n<li><em>Qualcuno magari ha cominciato a stare male dentro la pancia della mamma per qualche guaio, ed \u00e8 passato da dentro a fuori senza preavviso. . . o al momento di nascere si \u00e8 trovato podalico. . . qualcuno hanno dovuto lavorare per tirarlo fuori . . . qualcuno si \u00e8 trovato il cordone ombelicale intorno al collo . . . Insomma, il parto \u00e8 un trauma per tutti, ma per qualcuno lo \u00e8 particolarmente . . . <\/em><\/li>\n<\/ul>\n<ul>\n<li><em>Quanto pi\u00f9 precoce \u00e8 il trauma, tanto pi\u00f9 severo \u00e8 il profilo psicopatologico . . . Tanto pi\u00f9 impegnativa \u00e8 la cura (se mai dovesse ammalarsi) . . . <\/em><\/li>\n<\/ul>\n<ul>\n<li><em>La depressione endogena \u00e8 la bestia nera della psicopatologia, e c\u2019\u00e8 ragione di credere che la sua etiogenesi sia proprio un trauma occorso dentro la pancia o nei primi momenti della vita, comunque in un tempo in cui l\u2019essere umano non ha ancora n\u00e9 l\u2019urlo n\u00e9 la parola per esprimere alcunch\u00e8 . . . <\/em><\/li>\n<\/ul>\n<ul>\n<li><em>L\u2019unica cura efficace contro la depressione endogena \u00e8 l\u2019elettroshock . . . ma da noi \u00e8 illegale, e chi vuole curarsi va in Svizzera e se lo deve pagare una cifra, senza rimborso del SSN . . . Oppure un tiro di cocaina . . . ma oltre a essere illegale \u00e8 anche poco efficace per via del down . . . La psicoterapia . . . \u00e8 lunga . . . re-infetare una persona per far rivivere il trauma da parto non \u00e8 una cosa n\u00e9 semplice n\u00e9 immediata . . . <\/em><\/li>\n<\/ul>\n<ul>\n<li><em>Il volo \u00e8 la soluzione possibile (perch\u00e9 legale), efficace (con ogni macchina volante), economica perch\u00e9 ormai \u00e8 alla portata di tutti . . .<\/em><\/li>\n<\/ul>\n<p><em>&nbsp;<\/em><em>L\u2019unico ostacolo \u00e8 il fatto che chi \u00e8 nato male, chi ne avrebbe pi\u00f9 bisogno (chi ha una sintomatologia che rimanda alla depressione endogena), proprio perch\u00e9 IL VOLO ci riporta a questo momento particolarmente traumatico della nostra vita, \u00e8 anche chi lo rifiuta. E a ben vedere proprio a motivo del contenuto evocativo dell\u2019 evento . . .<\/em><\/p>\n<p><em>Pensate amici, una volta dimostrati i poteri curativi del volo, ai potenziali depressi, sicuramente afflitti dal trauma da parto, che rifiutano di volare con qualsiasi mezzo, sar\u00e0 possibile prescrivere come medicina efficace, senza controindicazioni, naturale un bel volo . . .<\/em><\/p>\n<p><em>Una prescrizione che rende contenti tutti :<\/em><\/p>\n<ul>\n<li><i><em>I pazienti che finalmente potranno contare su una risorsa efficace e a basso prezzo<\/em><\/i><\/li>\n<\/ul>\n<ul>\n<li><em>Le compagnie aeree che potranno far leva sul potenziale curativo del loro prodotto, vincendo in tal modo la resistenza anche dei pi\u00f9 riottosi che finalmente riusciranno a capire fino in fondo il loro ASSURDO rifiuto del volo . . .<\/em><\/li>\n<\/ul>\n<p><em>Questo non far\u00e0 ovviamente venir meno il sintomo che si scatena quando il paziente sale sull\u2019oggetto volante : paura, ansia, senso di vertigine, vomito . . . <\/em><\/p>\n<p><em>Ma la stessa cosa avverrebbe anche affrontando un elettroshock, tanto che in alcune cliniche si procede in narcosi (aggiungendo il rischio dell\u2019anestesia al limitato rischio della convulsione conseguente alla corrente elettrica)<\/em><\/p>\n<p><em>Per non parlare del valore preventivo di volare prima che la depressione sia diventata sintomatica . . .<\/em><\/p>\n<p><em>&nbsp;<\/em><\/p>\n<p><em>Ma questo \u00e8 un altro capitolo . . . &nbsp;&nbsp;&nbsp;<\/em><\/p>\n","protected":false},"excerpt":{"rendered":"<p>. . . DOVE SONO ARRIVATO NEL MIO&nbsp;STUDIO SULLA PSICOLOGIA DEL VOLO&nbsp;&nbsp; (aprile 2015) Mercoled\u00ec 22 aprile ero a volare al Cornizzolo. Ho volato per tutto l\u2019inverno a Sondrio, portando in volo decine di passeggeri valtellinesi . . . In questi giorni sono ritornato a frequentare il mio classico sito di volo. . .&nbsp; Anche [&hellip;]<\/p>\n","protected":false},"author":2,"featured_media":0,"parent":0,"menu_order":0,"comment_status":"open","ping_status":"open","template":"","meta":{"footnotes":""},"class_list":["post-234","page","type-page","status-publish","hentry"],"_links":{"self":[{"href":"https:\/\/azzurroticino.it\/index.php?rest_route=\/wp\/v2\/pages\/234","targetHints":{"allow":["GET"]}}],"collection":[{"href":"https:\/\/azzurroticino.it\/index.php?rest_route=\/wp\/v2\/pages"}],"about":[{"href":"https:\/\/azzurroticino.it\/index.php?rest_route=\/wp\/v2\/types\/page"}],"author":[{"embeddable":true,"href":"https:\/\/azzurroticino.it\/index.php?rest_route=\/wp\/v2\/users\/2"}],"replies":[{"embeddable":true,"href":"https:\/\/azzurroticino.it\/index.php?rest_route=%2Fwp%2Fv2%2Fcomments&post=234"}],"version-history":[{"count":5,"href":"https:\/\/azzurroticino.it\/index.php?rest_route=\/wp\/v2\/pages\/234\/revisions"}],"predecessor-version":[{"id":755,"href":"https:\/\/azzurroticino.it\/index.php?rest_route=\/wp\/v2\/pages\/234\/revisions\/755"}],"wp:attachment":[{"href":"https:\/\/azzurroticino.it\/index.php?rest_route=%2Fwp%2Fv2%2Fmedia&parent=234"}],"curies":[{"name":"wp","href":"https:\/\/api.w.org\/{rel}","templated":true}]}}