{"id":141,"date":"2013-10-04T11:01:43","date_gmt":"2013-10-04T10:01:43","guid":{"rendered":"http:\/\/azzurroticino.it\/?page_id=141"},"modified":"2024-08-14T06:53:42","modified_gmt":"2024-08-14T05:53:42","slug":"comunque-vada","status":"publish","type":"page","link":"https:\/\/azzurroticino.it\/?page_id=141","title":{"rendered":"AAA COMUNQUE VADA :  grande animazione . . . buona musica !"},"content":{"rendered":"<p style=\"text-align: center;\"><strong>SE CERCHI UNA\u00a0ANIMAZIONE<\/strong> : simpatica, coinvolgente, in cui l&#8217;invitato sia il protagonista, che riesca a muovere i sentimenti, tecnicamente impeccabile . . .<\/p>\n<p style=\"text-align: right;\"><strong>PER QUALSIASI EVENTO<\/strong>\u00a0: matrimonio, battesimo, laurea, festa in piazza, festa privata . . .<\/p>\n<p style=\"text-align: right;\"><strong>CON UNA ATTREZZATURA AUDIO\/VIDEO\u00a0D&#8217;AVANGUARDIA<\/strong> : fino a\u00a03.000 watt\u00a0audio &#8211; luci &#8211; fumo &#8211; videoproiettore . . .<\/p>\n<p style=\"text-align: right;\"><strong>CANTANTE, KARAOKE, BALLO DI GRUPPO E TRADIZIONALE<\/strong> . . .<\/p>\n<p style=\"text-align: right;\"><strong>TELEFONAMI ! ! !\u00a0 3475423893<\/strong><\/p>\n<p style=\"text-align: center;\">QUI SOTTO : animazione alla FESTA DEI 1000 &#8211; oratorio di Vanzago giugno 2013<\/p>\n<p><a href=\"http:\/\/azzurroticino.it\/wp-content\/uploads\/2013\/10\/100-ORA-2.jpg\"><img fetchpriority=\"high\" decoding=\"async\" class=\"alignright\" src=\"http:\/\/azzurroticino.it\/wp-content\/uploads\/2013\/10\/100-ORA-2.jpg\" alt=\"100 ORA 2\" width=\"483\" height=\"224\" \/><\/a><\/p>\n<p><a href=\"http:\/\/azzurroticino.it\/wp-content\/uploads\/2013\/10\/100-ORA-11.jpg\"><img decoding=\"async\" class=\"alignleft\" src=\"http:\/\/azzurroticino.it\/wp-content\/uploads\/2013\/10\/100-ORA-11.jpg\" alt=\"100 ORA 1\" width=\"483\" height=\"274\" \/><\/a><\/p>\n<p style=\"text-align: center; padding-left: 40px;\"><strong>IL<\/strong><strong> GRUPPO <\/strong><strong>COMUNQUE VADA . . .<\/strong><\/p>\n<p style=\"text-align: center; padding-left: 40px;\"><strong> SARA&#8217; UN SUCCESSO ! <\/strong>E&#8217; un gruppo di artisti specializzati nell&#8217;animazione di eventi :<\/p>\n<ol>\n<li style=\"list-style-type: none;\">\n<ol>\n<li style=\"text-align: left;\">ANGELO \u00e8 il team leader, cura l&#8217;amplificazione, le luci, la videoproiezione, la reg\u00eca dell&#8217;evento, il coinvolgimento del pubblico . . .<\/li>\n<li style=\"text-align: left;\">DANIELA cantante e STAR del gruppo. Specialista nel repertorio anni 80 e attuale.<\/li>\n<li style=\"text-align: left;\">GRAZIELLA cantante.\u00a0Specialista nel repertorio anni 60\/70. . .<\/li>\n<\/ol>\n<\/li>\n<\/ol>\n<p style=\"text-align: right; padding-left: 40px;\"><strong>PRENDI QUELLO CHE TI SERVE\u00a0<\/strong><br \/>\nNon c&#8217;\u00e8 bisogno di prendere tutto il pacchetto. L&#8217;ingaggio \u00e8 modulare : studiamo insieme il mix di artisti e di proposte animative che pi\u00f9 si intona alla Tua festa . . .<\/p>\n<p style=\"text-align: right; padding-left: 40px;\"><strong>VISION<\/strong><br \/>\nLe\u00a0feste, dalle ricorrenze agli eventi di piazza\u00a0\u00a0sono un grande investimento per la famiglia . . . \u00a0E quando si spendono tanti soldi \u00e8 giusto avere tante aspettative . . . Una su tutte : che sia un successo! Che la gente partecipi ! La cosa pi\u00f9 brutta \u00e8 accorgersi che la gente non vede l&#8217;ora che tutto finisca per andarsene via al pi\u00f9 presto possibile, annoiata !<\/p>\n<p style=\"text-align: right; padding-left: 40px;\">I pi\u00f9 ritengono erroneamente che la chiave per far riuscire bene una festa sia ingaggiare artisti bravi che si esibiscano . . . Magari un tempo era cos\u00ec. Noi riteniamo che invece la riuscita della festa \u00e8 direttamente proporzionale al coinvolgimento dei partecipanti : Quanto pi\u00f9 la festa diventa LA MIA FESTA, tanto pi\u00f9 sar\u00e0 un successo !<\/p>\n<p style=\"text-align: right; padding-left: 40px;\">Per questo tutta la nostra organizzazione \u00e8 costruita per trasformare L&#8217;INVITATO nel PROTAGONISTA !<\/p>\n<p style=\"text-align: right; padding-left: 40px;\">Se\u00a0 ingaggiate un gruppo, che suona anche bene, anche con bravi cantanti, il massimo che Vi potete aspettare \u00e8 che suonino e cantino bene . . . Noi Vi curiamo l&#8217;accoglienza degli invitati che da subito siano dei protagonisti, non dei numeri . . .\u00a0 Raccontare cosa li aspetter\u00e0 durante la giornata e incuriosire . . . Il sottofondo cantato dal vivo durante il pranzo. . . Il karaoke con 70.000 basi a disposizione (paghiamo da bere se qualcuno ci chiede una canzone italiana che non abbiamo. . .) La videoproiezione del testo . . . 7 microfoni a disposizione per i cori . . . Proiezione di video e foto. . . E poi il meglio del ballo dal tradizionale al ballo di gruppo. . . Se vuoi anche musica dal vivo con clarinetto su base. . .<\/p>\n<p style=\"text-align: right; padding-left: 40px;\">La soddisfazione \u00e8 che, CON NOI \u00a0la festa non finisce perch\u00e8 gli invitati se ne vanno. . . ma perch\u00e9 \u00e8 il proprietario del locale che ci manda via!<\/p>\n","protected":false},"excerpt":{"rendered":"<p>SE CERCHI UNA\u00a0ANIMAZIONE : simpatica, coinvolgente, in cui l&#8217;invitato sia il protagonista, che riesca a muovere i sentimenti, tecnicamente impeccabile . . . PER QUALSIASI EVENTO\u00a0: matrimonio, battesimo, laurea, festa in piazza, festa privata . . . CON UNA ATTREZZATURA AUDIO\/VIDEO\u00a0D&#8217;AVANGUARDIA : fino a\u00a03.000 watt\u00a0audio &#8211; luci &#8211; fumo &#8211; videoproiettore . . . CANTANTE, [&hellip;]<\/p>\n","protected":false},"author":2,"featured_media":0,"parent":0,"menu_order":0,"comment_status":"open","ping_status":"open","template":"","meta":{"footnotes":""},"class_list":["post-141","page","type-page","status-publish","hentry"],"_links":{"self":[{"href":"https:\/\/azzurroticino.it\/index.php?rest_route=\/wp\/v2\/pages\/141","targetHints":{"allow":["GET"]}}],"collection":[{"href":"https:\/\/azzurroticino.it\/index.php?rest_route=\/wp\/v2\/pages"}],"about":[{"href":"https:\/\/azzurroticino.it\/index.php?rest_route=\/wp\/v2\/types\/page"}],"author":[{"embeddable":true,"href":"https:\/\/azzurroticino.it\/index.php?rest_route=\/wp\/v2\/users\/2"}],"replies":[{"embeddable":true,"href":"https:\/\/azzurroticino.it\/index.php?rest_route=%2Fwp%2Fv2%2Fcomments&post=141"}],"version-history":[{"count":16,"href":"https:\/\/azzurroticino.it\/index.php?rest_route=\/wp\/v2\/pages\/141\/revisions"}],"predecessor-version":[{"id":738,"href":"https:\/\/azzurroticino.it\/index.php?rest_route=\/wp\/v2\/pages\/141\/revisions\/738"}],"wp:attachment":[{"href":"https:\/\/azzurroticino.it\/index.php?rest_route=%2Fwp%2Fv2%2Fmedia&parent=141"}],"curies":[{"name":"wp","href":"https:\/\/api.w.org\/{rel}","templated":true}]}}